{"id":7627,"date":"2025-12-02T16:13:00","date_gmt":"2025-12-02T16:13:00","guid":{"rendered":"https:\/\/santafefc.do\/?page_id=7627"},"modified":"2025-12-02T19:03:33","modified_gmt":"2025-12-02T19:03:33","slug":"futbol-en-republica-dominicana-santa-fe-futbol-club","status":"publish","type":"page","link":"https:\/\/santafefc.do\/en\/futbol-en-republica-dominicana-santa-fe-futbol-club\/","title":{"rendered":"F\u00fatbol en Rep\u00fablica Dominicana: Santa Fe F\u00fatbol Club"},"content":{"rendered":"<h2 class=\"wp-block-heading\">F\u00fatbol en Rep\u00fablica Dominicana - Santa Fe F\u00fatbol Club<\/h2>\n\n\n\n<ul class=\"wp-block-list\">\n<li><strong><a href=\"https:\/\/www.instagram.com\/santafefutbolclub\/\" target=\"_blank\" rel=\"noreferrer noopener\">Instagram<\/a><\/strong><\/li>\n\n\n\n<li><strong><a href=\"https:\/\/www.tiktok.com\/@santafefutbolclub\" target=\"_blank\" rel=\"noreferrer noopener\">TikTok<\/a><\/strong><\/li>\n\n\n\n<li><strong><a href=\"https:\/\/x.com\/santafefc2\" target=\"_blank\" rel=\"noreferrer noopener\">Twitter - X<\/a><\/strong><\/li>\n\n\n\n<li><strong><a href=\"http:\/\/santafefc.do\/en\/\" target=\"_blank\" rel=\"noreferrer noopener\">P\u00e1gina web<\/a><\/strong><\/li>\n\n\n\n<li><strong>Nuestros tel\u00e9fonos:<\/strong> Tel: <a href=\"https:\/\/wa.link\/vsd5e0\" target=\"_blank\" rel=\"noreferrer noopener\">829.770.8745<\/a> \/ <a href=\"https:\/\/wa.link\/ufk6k6\" target=\"_blank\" rel=\"noreferrer noopener\">809.979.1982<\/a> - Alquiler canchas: <a href=\"https:\/\/wa.link\/dfqt3n\" target=\"_blank\" rel=\"noreferrer noopener\">849.802.0487<\/a><\/li>\n\n\n\n<li><strong>Env\u00edanos un correo electr\u00f3nico:<\/strong> <a href=\"mailto:info@santafefc.do\">info<\/a><a href=\"mailto:info@santafefc.do\" target=\"_blank\" rel=\"noreferrer noopener\">@<\/a><a href=\"mailto:info@santafefc.do\">santafefc.do<\/a><\/li>\n<\/ul>\n\n\n\n<figure class=\"wp-block-gallery has-nested-images columns-default is-cropped wp-block-gallery-1 is-layout-flex wp-block-gallery-is-layout-flex\">\n<figure class=\"wp-block-image size-large\"><img loading=\"lazy\" decoding=\"async\" width=\"512\" height=\"768\" data-id=\"7619\" src=\"https:\/\/santafefc.do\/wp-content\/uploads\/2025\/10\/Santa-Fe-Futbol-Club-Cancha-de-Futbol-y-Academia-en-Santo-Domingo-Alexis-Pion-Presidente.jpg\" alt=\"\" class=\"wp-image-7619\" srcset=\"https:\/\/santafefc.do\/wp-content\/uploads\/2025\/10\/Santa-Fe-Futbol-Club-Cancha-de-Futbol-y-Academia-en-Santo-Domingo-Alexis-Pion-Presidente.jpg 512w, https:\/\/santafefc.do\/wp-content\/uploads\/2025\/10\/Santa-Fe-Futbol-Club-Cancha-de-Futbol-y-Academia-en-Santo-Domingo-Alexis-Pion-Presidente-200x300.jpg 200w, https:\/\/santafefc.do\/wp-content\/uploads\/2025\/10\/Santa-Fe-Futbol-Club-Cancha-de-Futbol-y-Academia-en-Santo-Domingo-Alexis-Pion-Presidente-8x12.jpg 8w\" sizes=\"auto, (max-width: 512px) 100vw, 512px\" \/><\/figure>\n\n\n\n<figure class=\"wp-block-image size-large\"><img loading=\"lazy\" decoding=\"async\" width=\"576\" height=\"768\" data-id=\"7618\" src=\"https:\/\/santafefc.do\/wp-content\/uploads\/2025\/10\/Santa-Fe-Futbol-Club-Cancha-de-Futbol-y-Academia-en-Santo-Domingo-Pasillo-principal.jpg\" alt=\"\" class=\"wp-image-7618\" srcset=\"https:\/\/santafefc.do\/wp-content\/uploads\/2025\/10\/Santa-Fe-Futbol-Club-Cancha-de-Futbol-y-Academia-en-Santo-Domingo-Pasillo-principal.jpg 576w, https:\/\/santafefc.do\/wp-content\/uploads\/2025\/10\/Santa-Fe-Futbol-Club-Cancha-de-Futbol-y-Academia-en-Santo-Domingo-Pasillo-principal-225x300.jpg 225w, https:\/\/santafefc.do\/wp-content\/uploads\/2025\/10\/Santa-Fe-Futbol-Club-Cancha-de-Futbol-y-Academia-en-Santo-Domingo-Pasillo-principal-9x12.jpg 9w\" sizes=\"auto, (max-width: 576px) 100vw, 576px\" \/><\/figure>\n\n\n\n<figure class=\"wp-block-image size-large\"><img loading=\"lazy\" decoding=\"async\" width=\"1024\" height=\"768\" data-id=\"7617\" src=\"https:\/\/santafefc.do\/wp-content\/uploads\/2025\/10\/Santa-Fe-Futbol-Club-Cancha-de-Futbol-y-Academia-en-Santo-Domingo-cancha.jpg\" alt=\"Santa F\u00e9 Futbol Club Cancha de F\u00fatbol y Academia en Santo Domingo cancha\" class=\"wp-image-7617\" srcset=\"https:\/\/santafefc.do\/wp-content\/uploads\/2025\/10\/Santa-Fe-Futbol-Club-Cancha-de-Futbol-y-Academia-en-Santo-Domingo-cancha.jpg 1024w, https:\/\/santafefc.do\/wp-content\/uploads\/2025\/10\/Santa-Fe-Futbol-Club-Cancha-de-Futbol-y-Academia-en-Santo-Domingo-cancha-300x225.jpg 300w, https:\/\/santafefc.do\/wp-content\/uploads\/2025\/10\/Santa-Fe-Futbol-Club-Cancha-de-Futbol-y-Academia-en-Santo-Domingo-cancha-768x576.jpg 768w, https:\/\/santafefc.do\/wp-content\/uploads\/2025\/10\/Santa-Fe-Futbol-Club-Cancha-de-Futbol-y-Academia-en-Santo-Domingo-cancha-16x12.jpg 16w, https:\/\/santafefc.do\/wp-content\/uploads\/2025\/10\/Santa-Fe-Futbol-Club-Cancha-de-Futbol-y-Academia-en-Santo-Domingo-cancha-85x64.jpg 85w\" sizes=\"auto, (max-width: 1024px) 100vw, 1024px\" \/><figcaption class=\"wp-element-caption\">Santa F\u00e9 Futbol Club Cancha de F\u00fatbol y Academia en Santo Domingo cancha<\/figcaption><\/figure>\n\n\n\n<figure class=\"wp-block-image size-large\"><img loading=\"lazy\" decoding=\"async\" width=\"1024\" height=\"768\" data-id=\"7616\" src=\"https:\/\/santafefc.do\/wp-content\/uploads\/2025\/10\/Santa-Fe-Futbol-Club-Cancha-de-Futbol-y-Academia-en-Santo-Domingo-cancha-2.jpg\" alt=\"\" class=\"wp-image-7616\" srcset=\"https:\/\/santafefc.do\/wp-content\/uploads\/2025\/10\/Santa-Fe-Futbol-Club-Cancha-de-Futbol-y-Academia-en-Santo-Domingo-cancha-2.jpg 1024w, https:\/\/santafefc.do\/wp-content\/uploads\/2025\/10\/Santa-Fe-Futbol-Club-Cancha-de-Futbol-y-Academia-en-Santo-Domingo-cancha-2-300x225.jpg 300w, https:\/\/santafefc.do\/wp-content\/uploads\/2025\/10\/Santa-Fe-Futbol-Club-Cancha-de-Futbol-y-Academia-en-Santo-Domingo-cancha-2-768x576.jpg 768w, https:\/\/santafefc.do\/wp-content\/uploads\/2025\/10\/Santa-Fe-Futbol-Club-Cancha-de-Futbol-y-Academia-en-Santo-Domingo-cancha-2-16x12.jpg 16w, https:\/\/santafefc.do\/wp-content\/uploads\/2025\/10\/Santa-Fe-Futbol-Club-Cancha-de-Futbol-y-Academia-en-Santo-Domingo-cancha-2-85x64.jpg 85w\" sizes=\"auto, (max-width: 1024px) 100vw, 1024px\" \/><\/figure>\n\n\n\n<figure class=\"wp-block-image size-large\"><img loading=\"lazy\" decoding=\"async\" width=\"1024\" height=\"768\" data-id=\"7615\" src=\"https:\/\/santafefc.do\/wp-content\/uploads\/2025\/10\/Santa-Fe-Futbol-Club-Cancha-de-Futbol-y-Academia-en-Santo-Domingo-CAFETERIA.jpg\" alt=\"\" class=\"wp-image-7615\" srcset=\"https:\/\/santafefc.do\/wp-content\/uploads\/2025\/10\/Santa-Fe-Futbol-Club-Cancha-de-Futbol-y-Academia-en-Santo-Domingo-CAFETERIA.jpg 1024w, https:\/\/santafefc.do\/wp-content\/uploads\/2025\/10\/Santa-Fe-Futbol-Club-Cancha-de-Futbol-y-Academia-en-Santo-Domingo-CAFETERIA-300x225.jpg 300w, https:\/\/santafefc.do\/wp-content\/uploads\/2025\/10\/Santa-Fe-Futbol-Club-Cancha-de-Futbol-y-Academia-en-Santo-Domingo-CAFETERIA-768x576.jpg 768w, https:\/\/santafefc.do\/wp-content\/uploads\/2025\/10\/Santa-Fe-Futbol-Club-Cancha-de-Futbol-y-Academia-en-Santo-Domingo-CAFETERIA-16x12.jpg 16w, https:\/\/santafefc.do\/wp-content\/uploads\/2025\/10\/Santa-Fe-Futbol-Club-Cancha-de-Futbol-y-Academia-en-Santo-Domingo-CAFETERIA-85x64.jpg 85w\" sizes=\"auto, (max-width: 1024px) 100vw, 1024px\" \/><\/figure>\n\n\n\n<figure class=\"wp-block-image size-large\"><img loading=\"lazy\" decoding=\"async\" width=\"1024\" height=\"768\" data-id=\"7614\" src=\"https:\/\/santafefc.do\/wp-content\/uploads\/2025\/10\/Santa-Fe-Futbol-Club-Cancha-de-Futbol-y-Academia-en-Santo-Domingo-cafeteria-2.jpg\" alt=\"\" class=\"wp-image-7614\" srcset=\"https:\/\/santafefc.do\/wp-content\/uploads\/2025\/10\/Santa-Fe-Futbol-Club-Cancha-de-Futbol-y-Academia-en-Santo-Domingo-cafeteria-2.jpg 1024w, https:\/\/santafefc.do\/wp-content\/uploads\/2025\/10\/Santa-Fe-Futbol-Club-Cancha-de-Futbol-y-Academia-en-Santo-Domingo-cafeteria-2-300x225.jpg 300w, https:\/\/santafefc.do\/wp-content\/uploads\/2025\/10\/Santa-Fe-Futbol-Club-Cancha-de-Futbol-y-Academia-en-Santo-Domingo-cafeteria-2-768x576.jpg 768w, https:\/\/santafefc.do\/wp-content\/uploads\/2025\/10\/Santa-Fe-Futbol-Club-Cancha-de-Futbol-y-Academia-en-Santo-Domingo-cafeteria-2-16x12.jpg 16w, https:\/\/santafefc.do\/wp-content\/uploads\/2025\/10\/Santa-Fe-Futbol-Club-Cancha-de-Futbol-y-Academia-en-Santo-Domingo-cafeteria-2-85x64.jpg 85w\" sizes=\"auto, (max-width: 1024px) 100vw, 1024px\" \/><\/figure>\n\n\n\n<figure class=\"wp-block-image size-large\"><img loading=\"lazy\" decoding=\"async\" width=\"751\" height=\"768\" data-id=\"7613\" src=\"https:\/\/santafefc.do\/wp-content\/uploads\/2025\/10\/Santa-Fe-Futbol-Club-Cancha-de-Futbol-y-Academia-en-Santo-Domingo.jpg\" alt=\"\" class=\"wp-image-7613\" srcset=\"https:\/\/santafefc.do\/wp-content\/uploads\/2025\/10\/Santa-Fe-Futbol-Club-Cancha-de-Futbol-y-Academia-en-Santo-Domingo.jpg 751w, https:\/\/santafefc.do\/wp-content\/uploads\/2025\/10\/Santa-Fe-Futbol-Club-Cancha-de-Futbol-y-Academia-en-Santo-Domingo-293x300.jpg 293w, https:\/\/santafefc.do\/wp-content\/uploads\/2025\/10\/Santa-Fe-Futbol-Club-Cancha-de-Futbol-y-Academia-en-Santo-Domingo-12x12.jpg 12w\" sizes=\"auto, (max-width: 751px) 100vw, 751px\" \/><\/figure>\n<\/figure>\n\n\n\n<p><\/p>\n\n\n\n<p>En Santa Fe F\u00fatbol Club impulsamos el crecimiento del <strong>f\u00fatbol Rep\u00fablica Dominicana<\/strong> formando a ni\u00f1os y j\u00f3venes con una metodolog\u00eda moderna, din\u00e1mica y enfocada en el desarrollo integral del jugador. Somos un club que combina disciplina, pasi\u00f3n y aprendizaje continuo dentro y fuera de la cancha, creando un espacio donde cada atleta puede descubrir su potencial y competir con valores. Con entrenamientos de alto nivel, coaches certificados y una comunidad que respira f\u00fatbol, Santa Fe se convierte en el lugar ideal para quienes quieren crecer en el deporte y ser parte activa del futuro del f\u00fatbol dominicano.<\/p>\n\n\n\n<h2 class=\"wp-block-heading\">F\u00fatbol en Rep\u00fablica Dominicana - Santa Fe F\u00fatbol Club: Tu Cancha - Tu Escuela - Tu Pasi\u00f3n\u00a0<\/h2>\n\n\n\n<p>En Santa Fe F\u00fatbol Club invitamos a todas las familias y j\u00f3venes atletas a unirse a una comunidad que vive y desarrolla el f\u00fatbol con pasi\u00f3n y disciplina. Contamos con <strong>programas formativos para todas las edades<\/strong>, <strong>entrenamientos de desarrollo t\u00e9cnico y t\u00e1ctico<\/strong>, <strong>categor\u00edas competitivas<\/strong>, <strong>entrenamientos personalizados<\/strong>, <strong>torneos y ligas internas<\/strong>, adem\u00e1s de <strong>evaluaciones de rendimiento y seguimiento individual<\/strong> para impulsar el crecimiento de cada jugador. Si buscas un espacio profesional, humano y orientado al futuro del <strong>f\u00fatbol Rep\u00fablica Dominicana<\/strong>, Santa Fe es el lugar donde tu talento puede crecer. \u00a1Inscr\u00edbete hoy y s\u00e9 parte de la pr\u00f3xima generaci\u00f3n del f\u00fatbol dominicano!<\/p>\n\n\n\n<p><\/p>\n\n\n\n<p><\/p>\n\n\n\n<p><\/p>","protected":false},"excerpt":{"rendered":"<p>F\u00fatbol en Rep\u00fablica Dominicana &#8211; Santa Fe F\u00fatbol Club En Santa Fe F\u00fatbol Club impulsamos el crecimiento del f\u00fatbol Rep\u00fablica Dominicana formando a ni\u00f1os y j\u00f3venes con una metodolog\u00eda moderna, [&hellip;]<\/p>\n","protected":false},"author":3309,"featured_media":0,"parent":0,"menu_order":0,"comment_status":"closed","ping_status":"closed","template":"","meta":{"_bbp_topic_count":0,"_bbp_reply_count":0,"_bbp_total_topic_count":0,"_bbp_total_reply_count":0,"_bbp_voice_count":0,"_bbp_anonymous_reply_count":0,"_bbp_topic_count_hidden":0,"_bbp_reply_count_hidden":0,"_bbp_forum_subforum_count":0,"_joinchat":[],"footnotes":""},"class_list":["post-7627","page","type-page","status-publish","hentry"],"yoast_head":"<!-- This site is optimized with the Yoast SEO plugin v27.0 - https:\/\/yoast.com\/product\/yoast-seo-wordpress\/ -->\n<title>F\u00fatbol en Rep\u00fablica Dominicana: Santa Fe F\u00fatbol Club - Santa Fe F\u00fatbol Club<\/title>\n<meta name=\"description\" content=\"F\u00fatbol en Rep\u00fablica Dominicana - Santa Fe F\u00fatbol Club. Academia de f\u00fatbol y arriendo de canchas en Santo Domingo.\" \/>\n<meta name=\"robots\" content=\"index, follow, max-snippet:-1, max-image-preview:large, max-video-preview:-1\" \/>\n<link rel=\"canonical\" href=\"https:\/\/santafefc.do\/en\/futbol-en-republica-dominicana-santa-fe-futbol-club\/\" \/>\n<meta property=\"og:locale\" content=\"en_US\" \/>\n<meta property=\"og:type\" content=\"article\" \/>\n<meta property=\"og:title\" content=\"F\u00fatbol en Rep\u00fablica Dominicana: Santa Fe F\u00fatbol Club - Santa Fe F\u00fatbol Club\" \/>\n<meta property=\"og:description\" content=\"F\u00fatbol en Rep\u00fablica Dominicana - Santa Fe F\u00fatbol Club. Academia de f\u00fatbol y arriendo de canchas en Santo Domingo.\" \/>\n<meta property=\"og:url\" content=\"https:\/\/santafefc.do\/en\/futbol-en-republica-dominicana-santa-fe-futbol-club\/\" \/>\n<meta property=\"og:site_name\" content=\"Santa Fe F\u00fatbol Club\" \/>\n<meta property=\"article:modified_time\" content=\"2025-12-02T19:03:33+00:00\" \/>\n<meta property=\"og:image\" content=\"https:\/\/santafefc.do\/wp-content\/uploads\/2025\/10\/Santa-Fe-Futbol-Club-Cancha-de-Futbol-y-Academia-en-Santo-Domingo-Alexis-Pion-Presidente.jpg\" \/>\n\t<meta property=\"og:image:width\" content=\"512\" \/>\n\t<meta property=\"og:image:height\" content=\"768\" \/>\n\t<meta property=\"og:image:type\" content=\"image\/jpeg\" \/>\n<meta name=\"twitter:card\" content=\"summary_large_image\" \/>\n<meta name=\"twitter:label1\" content=\"Est. reading time\" \/>\n\t<meta name=\"twitter:data1\" content=\"3 minutes\" \/>\n<script type=\"application\/ld+json\" class=\"yoast-schema-graph\">{\"@context\":\"https:\/\/schema.org\",\"@graph\":[{\"@type\":\"WebPage\",\"@id\":\"https:\/\/santafefc.do\/futbol-en-republica-dominicana-santa-fe-futbol-club\/\",\"url\":\"https:\/\/santafefc.do\/futbol-en-republica-dominicana-santa-fe-futbol-club\/\",\"name\":\"F\u00fatbol en Rep\u00fablica Dominicana: Santa Fe F\u00fatbol Club - Santa Fe F\u00fatbol Club\",\"isPartOf\":{\"@id\":\"https:\/\/santafefc.do\/#website\"},\"primaryImageOfPage\":{\"@id\":\"https:\/\/santafefc.do\/futbol-en-republica-dominicana-santa-fe-futbol-club\/#primaryimage\"},\"image\":{\"@id\":\"https:\/\/santafefc.do\/futbol-en-republica-dominicana-santa-fe-futbol-club\/#primaryimage\"},\"thumbnailUrl\":\"https:\/\/santafefc.do\/wp-content\/uploads\/2025\/10\/Santa-Fe-Futbol-Club-Cancha-de-Futbol-y-Academia-en-Santo-Domingo-Alexis-Pion-Presidente.jpg\",\"datePublished\":\"2025-12-02T16:13:00+00:00\",\"dateModified\":\"2025-12-02T19:03:33+00:00\",\"description\":\"F\u00fatbol en Rep\u00fablica Dominicana - Santa Fe F\u00fatbol Club. Academia de f\u00fatbol y arriendo de canchas en Santo Domingo.\",\"breadcrumb\":{\"@id\":\"https:\/\/santafefc.do\/futbol-en-republica-dominicana-santa-fe-futbol-club\/#breadcrumb\"},\"inLanguage\":\"en-US\",\"potentialAction\":[{\"@type\":\"ReadAction\",\"target\":[\"https:\/\/santafefc.do\/futbol-en-republica-dominicana-santa-fe-futbol-club\/\"]}]},{\"@type\":\"ImageObject\",\"inLanguage\":\"en-US\",\"@id\":\"https:\/\/santafefc.do\/futbol-en-republica-dominicana-santa-fe-futbol-club\/#primaryimage\",\"url\":\"https:\/\/santafefc.do\/wp-content\/uploads\/2025\/10\/Santa-Fe-Futbol-Club-Cancha-de-Futbol-y-Academia-en-Santo-Domingo-Alexis-Pion-Presidente.jpg\",\"contentUrl\":\"https:\/\/santafefc.do\/wp-content\/uploads\/2025\/10\/Santa-Fe-Futbol-Club-Cancha-de-Futbol-y-Academia-en-Santo-Domingo-Alexis-Pion-Presidente.jpg\"},{\"@type\":\"BreadcrumbList\",\"@id\":\"https:\/\/santafefc.do\/futbol-en-republica-dominicana-santa-fe-futbol-club\/#breadcrumb\",\"itemListElement\":[{\"@type\":\"ListItem\",\"position\":1,\"name\":\"Portada\",\"item\":\"https:\/\/santafefc.do\/\"},{\"@type\":\"ListItem\",\"position\":2,\"name\":\"F\u00fatbol en Rep\u00fablica Dominicana: Santa Fe F\u00fatbol Club\"}]},{\"@type\":\"WebSite\",\"@id\":\"https:\/\/santafefc.do\/#website\",\"url\":\"https:\/\/santafefc.do\/\",\"name\":\"Santa Fe F\u00fatbol Club\",\"description\":\"Unidad - Pasi\u00f3n - Victoria.\",\"potentialAction\":[{\"@type\":\"SearchAction\",\"target\":{\"@type\":\"EntryPoint\",\"urlTemplate\":\"https:\/\/santafefc.do\/?s={search_term_string}\"},\"query-input\":{\"@type\":\"PropertyValueSpecification\",\"valueRequired\":true,\"valueName\":\"search_term_string\"}}],\"inLanguage\":\"en-US\"}]}<\/script>\n<!-- \/ Yoast SEO plugin. -->","yoast_head_json":{"title":"F\u00fatbol en Rep\u00fablica Dominicana: Santa Fe F\u00fatbol Club - Santa Fe F\u00fatbol Club","description":"F\u00fatbol en Rep\u00fablica Dominicana - Santa Fe F\u00fatbol Club. Academia de f\u00fatbol y arriendo de canchas en Santo Domingo.","robots":{"index":"index","follow":"follow","max-snippet":"max-snippet:-1","max-image-preview":"max-image-preview:large","max-video-preview":"max-video-preview:-1"},"canonical":"https:\/\/santafefc.do\/en\/futbol-en-republica-dominicana-santa-fe-futbol-club\/","og_locale":"en_US","og_type":"article","og_title":"F\u00fatbol en Rep\u00fablica Dominicana: Santa Fe F\u00fatbol Club - Santa Fe F\u00fatbol Club","og_description":"F\u00fatbol en Rep\u00fablica Dominicana - Santa Fe F\u00fatbol Club. Academia de f\u00fatbol y arriendo de canchas en Santo Domingo.","og_url":"https:\/\/santafefc.do\/en\/futbol-en-republica-dominicana-santa-fe-futbol-club\/","og_site_name":"Santa Fe F\u00fatbol Club","article_modified_time":"2025-12-02T19:03:33+00:00","og_image":[{"width":512,"height":768,"url":"https:\/\/santafefc.do\/wp-content\/uploads\/2025\/10\/Santa-Fe-Futbol-Club-Cancha-de-Futbol-y-Academia-en-Santo-Domingo-Alexis-Pion-Presidente.jpg","type":"image\/jpeg"}],"twitter_card":"summary_large_image","twitter_misc":{"Est. reading time":"3 minutes"},"schema":{"@context":"https:\/\/schema.org","@graph":[{"@type":"WebPage","@id":"https:\/\/santafefc.do\/futbol-en-republica-dominicana-santa-fe-futbol-club\/","url":"https:\/\/santafefc.do\/futbol-en-republica-dominicana-santa-fe-futbol-club\/","name":"F\u00fatbol en Rep\u00fablica Dominicana: Santa Fe F\u00fatbol Club - Santa Fe F\u00fatbol Club","isPartOf":{"@id":"https:\/\/santafefc.do\/#website"},"primaryImageOfPage":{"@id":"https:\/\/santafefc.do\/futbol-en-republica-dominicana-santa-fe-futbol-club\/#primaryimage"},"image":{"@id":"https:\/\/santafefc.do\/futbol-en-republica-dominicana-santa-fe-futbol-club\/#primaryimage"},"thumbnailUrl":"https:\/\/santafefc.do\/wp-content\/uploads\/2025\/10\/Santa-Fe-Futbol-Club-Cancha-de-Futbol-y-Academia-en-Santo-Domingo-Alexis-Pion-Presidente.jpg","datePublished":"2025-12-02T16:13:00+00:00","dateModified":"2025-12-02T19:03:33+00:00","description":"F\u00fatbol en Rep\u00fablica Dominicana - Santa Fe F\u00fatbol Club. Academia de f\u00fatbol y arriendo de canchas en Santo Domingo.","breadcrumb":{"@id":"https:\/\/santafefc.do\/futbol-en-republica-dominicana-santa-fe-futbol-club\/#breadcrumb"},"inLanguage":"en-US","potentialAction":[{"@type":"ReadAction","target":["https:\/\/santafefc.do\/futbol-en-republica-dominicana-santa-fe-futbol-club\/"]}]},{"@type":"ImageObject","inLanguage":"en-US","@id":"https:\/\/santafefc.do\/futbol-en-republica-dominicana-santa-fe-futbol-club\/#primaryimage","url":"https:\/\/santafefc.do\/wp-content\/uploads\/2025\/10\/Santa-Fe-Futbol-Club-Cancha-de-Futbol-y-Academia-en-Santo-Domingo-Alexis-Pion-Presidente.jpg","contentUrl":"https:\/\/santafefc.do\/wp-content\/uploads\/2025\/10\/Santa-Fe-Futbol-Club-Cancha-de-Futbol-y-Academia-en-Santo-Domingo-Alexis-Pion-Presidente.jpg"},{"@type":"BreadcrumbList","@id":"https:\/\/santafefc.do\/futbol-en-republica-dominicana-santa-fe-futbol-club\/#breadcrumb","itemListElement":[{"@type":"ListItem","position":1,"name":"Portada","item":"https:\/\/santafefc.do\/"},{"@type":"ListItem","position":2,"name":"F\u00fatbol en Rep\u00fablica Dominicana: Santa Fe F\u00fatbol Club"}]},{"@type":"WebSite","@id":"https:\/\/santafefc.do\/#website","url":"https:\/\/santafefc.do\/","name":"Santa Fe F\u00fatbol Club","description":"Unidad - Pasi\u00f3n - Victoria.","potentialAction":[{"@type":"SearchAction","target":{"@type":"EntryPoint","urlTemplate":"https:\/\/santafefc.do\/?s={search_term_string}"},"query-input":{"@type":"PropertyValueSpecification","valueRequired":true,"valueName":"search_term_string"}}],"inLanguage":"en-US"}]}},"_links":{"self":[{"href":"https:\/\/santafefc.do\/en\/wp-json\/wp\/v2\/pages\/7627","targetHints":{"allow":["GET"]}}],"collection":[{"href":"https:\/\/santafefc.do\/en\/wp-json\/wp\/v2\/pages"}],"about":[{"href":"https:\/\/santafefc.do\/en\/wp-json\/wp\/v2\/types\/page"}],"author":[{"embeddable":true,"href":"https:\/\/santafefc.do\/en\/wp-json\/wp\/v2\/users\/3309"}],"replies":[{"embeddable":true,"href":"https:\/\/santafefc.do\/en\/wp-json\/wp\/v2\/comments?post=7627"}],"version-history":[{"count":8,"href":"https:\/\/santafefc.do\/en\/wp-json\/wp\/v2\/pages\/7627\/revisions"}],"predecessor-version":[{"id":7642,"href":"https:\/\/santafefc.do\/en\/wp-json\/wp\/v2\/pages\/7627\/revisions\/7642"}],"wp:attachment":[{"href":"https:\/\/santafefc.do\/en\/wp-json\/wp\/v2\/media?parent=7627"}],"curies":[{"name":"wp","href":"https:\/\/api.w.org\/{rel}","templated":true}]}}