{"id":7262,"date":"2021-09-07T22:10:43","date_gmt":"2021-09-07T22:10:43","guid":{"rendered":"https:\/\/santafefc.do\/?page_id=7262"},"modified":"2021-09-07T22:10:43","modified_gmt":"2021-09-07T22:10:43","slug":"formulario-de-reserva-cumpleanos","status":"publish","type":"page","link":"https:\/\/santafefc.do\/en\/formulario-de-reserva-cumpleanos\/","title":{"rendered":"Formulario de reserva cumplea\u00f1os"},"content":{"rendered":"<div class=\"wpb-content-wrapper\"><div class=\"vc_row wpb_row vc_row-fluid\"><div class=\"wpb_column vc_column_container vc_col-sm-12\"><div class=\"vc_column-inner \"><div class=\"wpb_wrapper\"><div class='dt-sc-title border-title '><h2>Formulario de reserva cumplea\u00f1os<\/h2><\/div><div id=\"1631052635547-bc918195-0e93\" class=\"dt-sc-empty-space\"><\/div><\/div><\/div><\/div><\/div><div class=\"vc_row wpb_row vc_row-fluid\"><div class=\"wpb_column vc_column_container vc_col-sm-12\"><div class=\"vc_column-inner \"><div class=\"wpb_wrapper\"><div class=\"wpforms-container wpforms-container-full\" id=\"wpforms-7260\"><form id=\"wpforms-form-7260\" class=\"wpforms-validate wpforms-form\" data-formid=\"7260\" method=\"post\" enctype=\"multipart\/form-data\" action=\"\/en\/wp-json\/wp\/v2\/pages\/7262\" data-token=\"15f726172abd8485bc9a39aa37b45327\"><noscript class=\"wpforms-error-noscript\">Please enable JavaScript in your browser to complete this form.<\/noscript><div class=\"wpforms-field-container\"><div id=\"wpforms-7260-field_0-container\" class=\"wpforms-field wpforms-field-name\" data-field-id=\"0\"><label class=\"wpforms-field-label\" for=\"wpforms-7260-field_0\">Reserva a nombre de: <span class=\"wpforms-required-label\">*<\/span><\/label><div class=\"wpforms-field-row wpforms-field-medium\"><div class=\"wpforms-field-row-block wpforms-first wpforms-one-half\"><input type=\"text\" id=\"wpforms-7260-field_0\" class=\"wpforms-field-name-first wpforms-field-required\" name=\"wpforms[fields][0][first]\" required><label for=\"wpforms-7260-field_0\" class=\"wpforms-field-sublabel after \">First<\/label><\/div><div class=\"wpforms-field-row-block wpforms-one-half\"><input type=\"text\" id=\"wpforms-7260-field_0-last\" class=\"wpforms-field-name-last wpforms-field-required\" name=\"wpforms[fields][0][last]\" required><label for=\"wpforms-7260-field_0-last\" class=\"wpforms-field-sublabel after \">Last<\/label><\/div><\/div><\/div><div id=\"wpforms-7260-field_2-container\" class=\"wpforms-field wpforms-field-email\" data-field-id=\"2\"><label class=\"wpforms-field-label\" for=\"wpforms-7260-field_2\">Correo Electr\u00f3nico <span class=\"wpforms-required-label\">*<\/span><\/label><input type=\"email\" id=\"wpforms-7260-field_2\" class=\"wpforms-field-medium wpforms-field-required\" name=\"wpforms[fields][2]\" required><\/div><div id=\"wpforms-7260-field_3-container\" class=\"wpforms-field wpforms-field-phone\" data-field-id=\"3\"><label class=\"wpforms-field-label\" for=\"wpforms-7260-field_3\">Celular <span class=\"wpforms-required-label\">*<\/span><\/label><input type=\"tel\" id=\"wpforms-7260-field_3\" class=\"wpforms-field-medium wpforms-field-required\" data-rule-int-phone-field=\"true\" name=\"wpforms[fields][3]\" required><\/div><div id=\"wpforms-7260-field_8-container\" class=\"wpforms-field wpforms-field-payment-select wpforms-field-select-style-classic\" data-field-id=\"8\"><label class=\"wpforms-field-label\" for=\"wpforms-7260-field_8\">Paquete<\/label><select id=\"wpforms-7260-field_8\" class=\"wpforms-payment-price wpforms-field-medium\" name=\"wpforms[fields][8]\"><option value=\"1\" data-amount=\"4,000.00\" >10 - 15 NI\u00d1OS<\/option><option value=\"2\" data-amount=\"6,000.00\" >16 - 25 NI\u00d1OS<\/option><option value=\"3\" data-amount=\"12,000.00\" >26 - 40 NI\u00d1OS<\/option><\/select><\/div><div id=\"wpforms-7260-field_9-container\" class=\"wpforms-field wpforms-field-payment-select wpforms-field-select-style-classic\" data-field-id=\"9\"><label class=\"wpforms-field-label\" for=\"wpforms-7260-field_9\">Hora de uso<\/label><select id=\"wpforms-7260-field_9\" class=\"wpforms-payment-price wpforms-field-medium\" name=\"wpforms[fields][9]\"><option value=\"1\" data-amount=\"9,000.00\" >1 Hora en cancha \/ 3 horas en club<\/option><option value=\"2\" data-amount=\"12,000.00\" >1.5 Hora en cancha \/ 3.5 horas en club<\/option><option value=\"3\" data-amount=\"16,000.00\" >2 Hora en cancha \/ 4 horas en club<\/option><\/select><\/div><div id=\"wpforms-7260-field_6-container\" class=\"wpforms-field wpforms-field-select wpforms-field-select-style-classic\" data-field-id=\"6\"><label class=\"wpforms-field-label\" for=\"wpforms-7260-field_6\">Horas de uso de la cancha<\/label><select id=\"wpforms-7260-field_6\" class=\"wpforms-field-medium\" name=\"wpforms[fields][6]\"><option value=\"3 Horas\" >3 Horas<\/option><option value=\"3 Horas y media\" >3 Horas y media<\/option><option value=\"4 Horas\" >4 Horas<\/option><\/select><\/div><div id=\"wpforms-7260-field_7-container\" class=\"wpforms-field wpforms-field-payment-total\" data-field-id=\"7\"><label class=\"wpforms-field-label\" for=\"wpforms-7260-field_7\">Total<\/label><div class=\"wpforms-payment-total\">&#36; 0.00<\/div><input type=\"hidden\" id=\"wpforms-7260-field_7\" class=\"wpforms-payment-total\" name=\"wpforms[fields][7]\" value=\"0\" ><\/div><div id=\"wpforms-7260-field_11-container\" class=\"wpforms-field wpforms-field-html\" data-field-id=\"11\"><div id=\"wpforms-7260-field_11\"><p>NOTA: EL CLIENTE DEBER\u00c1 PAGAR LA SUMA DE RD$ 5,000.00 COMO DEP\u00d3SITO Y LE SER\u00c1 DEVUELTO AL FINALIZAR LA ACTIVIDAD DEJANDO LAS INSTALACIONES SIN DA\u00d1O ALGUNO. EST\u00c1\r\nPROHIBIDO CLAVAR, PINTAR O PEGAR ALG\u00daN MATERIAL QUE DETERIORE LAS PAREDES O ALG\u00daN MOBILIARIO DE NUESTRAS INSTALACIONES . EL CLIENTE SE VER\u00c1 COMPROMETIDO A\r\nCUMPLIR CON EL PAQUETE DE CUMPLEA\u00d1OS ACORDADO DE LO CONTRARIO DEBER\u00c1 PAGAR HORAS ADICIONALES.<\/p><\/div><\/div><\/div><div class=\"wpforms-submit-container\" ><input type=\"hidden\" name=\"wpforms[id]\" value=\"7260\"><input type=\"hidden\" name=\"wpforms[author]\" value=\"2753\"><button type=\"submit\" name=\"wpforms[submit]\" class=\"wpforms-submit \" id=\"wpforms-submit-7260\" value=\"wpforms-submit\" aria-live=\"assertive\" data-alt-text=\"Sending...\" data-submit-text=\"Enviar\">Enviar<\/button><\/div><\/form><\/div>  <!-- .wpforms-container --><\/div><\/div><\/div><\/div>\n<\/div>","protected":false},"excerpt":{"rendered":"Formulario de reserva cumplea\u00f1osPlease enable JavaScript in your browser to complete this form.Reserva a nombre de: *FirstLastCorreo Electr\u00f3nico *Celular *Paquete10 - 15 NI\u00d1OS16 - 25 NI\u00d1OS26 - 40 NI\u00d1OSHora de [...]","protected":false},"author":2753,"featured_media":0,"parent":0,"menu_order":0,"comment_status":"closed","ping_status":"closed","template":"","meta":{"_bbp_topic_count":0,"_bbp_reply_count":0,"_bbp_total_topic_count":0,"_bbp_total_reply_count":0,"_bbp_voice_count":0,"_bbp_anonymous_reply_count":0,"_bbp_topic_count_hidden":0,"_bbp_reply_count_hidden":0,"_bbp_forum_subforum_count":0,"_joinchat":[],"footnotes":""},"class_list":["post-7262","page","type-page","status-publish","hentry"],"yoast_head":"<!-- This site is optimized with the Yoast SEO plugin v27.0 - https:\/\/yoast.com\/product\/yoast-seo-wordpress\/ -->\n<title>Formulario de reserva cumplea\u00f1os - Santa Fe F\u00fatbol Club<\/title>\n<meta name=\"robots\" content=\"index, follow, max-snippet:-1, max-image-preview:large, max-video-preview:-1\" \/>\n<link rel=\"canonical\" href=\"https:\/\/santafefc.do\/en\/formulario-de-reserva-cumpleanos\/\" \/>\n<meta property=\"og:locale\" content=\"en_US\" \/>\n<meta property=\"og:type\" content=\"article\" \/>\n<meta property=\"og:title\" content=\"Formulario de reserva cumplea\u00f1os - Santa Fe F\u00fatbol Club\" \/>\n<meta property=\"og:url\" content=\"https:\/\/santafefc.do\/en\/formulario-de-reserva-cumpleanos\/\" \/>\n<meta property=\"og:site_name\" content=\"Santa Fe F\u00fatbol Club\" \/>\n<meta name=\"twitter:card\" content=\"summary_large_image\" \/>\n<script type=\"application\/ld+json\" class=\"yoast-schema-graph\">{\"@context\":\"https:\/\/schema.org\",\"@graph\":[{\"@type\":\"WebPage\",\"@id\":\"https:\/\/santafefc.do\/formulario-de-reserva-cumpleanos\/\",\"url\":\"https:\/\/santafefc.do\/formulario-de-reserva-cumpleanos\/\",\"name\":\"Formulario de reserva cumplea\u00f1os - Santa Fe F\u00fatbol Club\",\"isPartOf\":{\"@id\":\"https:\/\/santafefc.do\/#website\"},\"datePublished\":\"2021-09-07T22:10:43+00:00\",\"breadcrumb\":{\"@id\":\"https:\/\/santafefc.do\/formulario-de-reserva-cumpleanos\/#breadcrumb\"},\"inLanguage\":\"en-US\",\"potentialAction\":[{\"@type\":\"ReadAction\",\"target\":[\"https:\/\/santafefc.do\/formulario-de-reserva-cumpleanos\/\"]}]},{\"@type\":\"BreadcrumbList\",\"@id\":\"https:\/\/santafefc.do\/formulario-de-reserva-cumpleanos\/#breadcrumb\",\"itemListElement\":[{\"@type\":\"ListItem\",\"position\":1,\"name\":\"Portada\",\"item\":\"https:\/\/santafefc.do\/\"},{\"@type\":\"ListItem\",\"position\":2,\"name\":\"Formulario de reserva cumplea\u00f1os\"}]},{\"@type\":\"WebSite\",\"@id\":\"https:\/\/santafefc.do\/#website\",\"url\":\"https:\/\/santafefc.do\/\",\"name\":\"Santa Fe F\u00fatbol Club\",\"description\":\"Unidad - Pasi\u00f3n - Victoria.\",\"potentialAction\":[{\"@type\":\"SearchAction\",\"target\":{\"@type\":\"EntryPoint\",\"urlTemplate\":\"https:\/\/santafefc.do\/?s={search_term_string}\"},\"query-input\":{\"@type\":\"PropertyValueSpecification\",\"valueRequired\":true,\"valueName\":\"search_term_string\"}}],\"inLanguage\":\"en-US\"}]}<\/script>\n<!-- \/ Yoast SEO plugin. -->","yoast_head_json":{"title":"Formulario de reserva cumplea\u00f1os - Santa Fe F\u00fatbol Club","robots":{"index":"index","follow":"follow","max-snippet":"max-snippet:-1","max-image-preview":"max-image-preview:large","max-video-preview":"max-video-preview:-1"},"canonical":"https:\/\/santafefc.do\/en\/formulario-de-reserva-cumpleanos\/","og_locale":"en_US","og_type":"article","og_title":"Formulario de reserva cumplea\u00f1os - Santa Fe F\u00fatbol Club","og_url":"https:\/\/santafefc.do\/en\/formulario-de-reserva-cumpleanos\/","og_site_name":"Santa Fe F\u00fatbol Club","twitter_card":"summary_large_image","schema":{"@context":"https:\/\/schema.org","@graph":[{"@type":"WebPage","@id":"https:\/\/santafefc.do\/formulario-de-reserva-cumpleanos\/","url":"https:\/\/santafefc.do\/formulario-de-reserva-cumpleanos\/","name":"Formulario de reserva cumplea\u00f1os - Santa Fe F\u00fatbol Club","isPartOf":{"@id":"https:\/\/santafefc.do\/#website"},"datePublished":"2021-09-07T22:10:43+00:00","breadcrumb":{"@id":"https:\/\/santafefc.do\/formulario-de-reserva-cumpleanos\/#breadcrumb"},"inLanguage":"en-US","potentialAction":[{"@type":"ReadAction","target":["https:\/\/santafefc.do\/formulario-de-reserva-cumpleanos\/"]}]},{"@type":"BreadcrumbList","@id":"https:\/\/santafefc.do\/formulario-de-reserva-cumpleanos\/#breadcrumb","itemListElement":[{"@type":"ListItem","position":1,"name":"Portada","item":"https:\/\/santafefc.do\/"},{"@type":"ListItem","position":2,"name":"Formulario de reserva cumplea\u00f1os"}]},{"@type":"WebSite","@id":"https:\/\/santafefc.do\/#website","url":"https:\/\/santafefc.do\/","name":"Santa Fe F\u00fatbol Club","description":"Unidad - Pasi\u00f3n - Victoria.","potentialAction":[{"@type":"SearchAction","target":{"@type":"EntryPoint","urlTemplate":"https:\/\/santafefc.do\/?s={search_term_string}"},"query-input":{"@type":"PropertyValueSpecification","valueRequired":true,"valueName":"search_term_string"}}],"inLanguage":"en-US"}]}},"_links":{"self":[{"href":"https:\/\/santafefc.do\/en\/wp-json\/wp\/v2\/pages\/7262","targetHints":{"allow":["GET"]}}],"collection":[{"href":"https:\/\/santafefc.do\/en\/wp-json\/wp\/v2\/pages"}],"about":[{"href":"https:\/\/santafefc.do\/en\/wp-json\/wp\/v2\/types\/page"}],"author":[{"embeddable":true,"href":"https:\/\/santafefc.do\/en\/wp-json\/wp\/v2\/users\/2753"}],"replies":[{"embeddable":true,"href":"https:\/\/santafefc.do\/en\/wp-json\/wp\/v2\/comments?post=7262"}],"version-history":[{"count":2,"href":"https:\/\/santafefc.do\/en\/wp-json\/wp\/v2\/pages\/7262\/revisions"}],"predecessor-version":[{"id":7264,"href":"https:\/\/santafefc.do\/en\/wp-json\/wp\/v2\/pages\/7262\/revisions\/7264"}],"wp:attachment":[{"href":"https:\/\/santafefc.do\/en\/wp-json\/wp\/v2\/media?parent=7262"}],"curies":[{"name":"wp","href":"https:\/\/api.w.org\/{rel}","templated":true}]}}