{"id":7240,"date":"2021-09-07T19:55:07","date_gmt":"2021-09-07T19:55:07","guid":{"rendered":"https:\/\/santafefc.do\/?page_id=7240"},"modified":"2021-09-16T22:15:38","modified_gmt":"2021-09-16T22:15:38","slug":"equipo-santa-fe","status":"publish","type":"page","link":"https:\/\/santafefc.do\/en\/equipo-santa-fe\/","title":{"rendered":"Equipo Santa Fe"},"content":{"rendered":"<div class=\"wpb-content-wrapper\"><div class=\"vc_row wpb_row vc_row-fluid\"><div class=\"wpb_column vc_column_container vc_col-sm-12\"><div class=\"vc_column-inner\"><div class=\"wpb_wrapper\"><div class='dt-sc-title border-title aligncenter'><h2>Equipo Santa Fe<\/h2><\/div>\n\t<div class=\"wpb_text_column wpb_content_element\" >\n\t\t<div class=\"wpb_wrapper\">\n\t\t\t<p><span style=\"font-weight: 400;\">Nuestros entrenadores est\u00e1n altamente cualificados y a la vanguardia con el f\u00fatbol y sus tendencias, adem\u00e1s son <\/span><b>provenientes de<\/b> <b>diferentes mecas del f\u00fatbol a nivel mundia<\/b><span style=\"font-weight: 400;\">l como: Argentina,\u00a0 Chile, Espa\u00f1a, Italia, Brasil y Venezuela, aportando diferentes t\u00e9cnicas y estrategias de juego a nuestros estudiantes.<\/span><\/p>\n\n\t\t<\/div>\n\t<\/div>\n<\/div><\/div><\/div><\/div><div class=\"vc_row wpb_row vc_row-fluid\"><div class=\"wpb_column vc_column_container vc_col-sm-4\"><div class=\"vc_column-inner\"><div class=\"wpb_wrapper\"><div class='dt-sc-team hide-details-show-on-hover'><div class='dt-sc-team-thumb'><img loading=\"lazy\" decoding=\"async\" width=\"400\" height=\"400\" src=\"https:\/\/santafefc.do\/wp-content\/uploads\/2021\/09\/New-Project-17.jpg\" class=\"attachment-full\" alt=\"\" title=\"New Project (17)\" srcset=\"https:\/\/santafefc.do\/wp-content\/uploads\/2021\/09\/New-Project-17.jpg 400w, https:\/\/santafefc.do\/wp-content\/uploads\/2021\/09\/New-Project-17-300x300.jpg 300w, https:\/\/santafefc.do\/wp-content\/uploads\/2021\/09\/New-Project-17-150x150.jpg 150w, https:\/\/santafefc.do\/wp-content\/uploads\/2021\/09\/New-Project-17-12x12.jpg 12w\" sizes=\"auto, (max-width: 400px) 100vw, 400px\" \/><\/div><div class='dt-sc-team-details'><h4>Fulano de tal<\/h4><h5>Entrenador<\/h5><p>Lorem ipsum dolor sit amet, consectetur adipiscing elit. Morbi hendrerit elit turpis, a porttitor tellus sollicitudin at.<\/p><\/div><\/div><\/div><\/div><\/div><div class=\"wpb_column vc_column_container vc_col-sm-4\"><div class=\"vc_column-inner\"><div class=\"wpb_wrapper\"><div class='dt-sc-team hide-details-show-on-hover'><div class='dt-sc-team-thumb'><img loading=\"lazy\" decoding=\"async\" width=\"500\" height=\"500\" src=\"https:\/\/santafefc.do\/wp-content\/uploads\/2019\/03\/team-2.jpg\" class=\"attachment-full\" alt=\"\" title=\"team-2\" srcset=\"https:\/\/santafefc.do\/wp-content\/uploads\/2019\/03\/team-2.jpg 500w, https:\/\/santafefc.do\/wp-content\/uploads\/2019\/03\/team-2-150x150.jpg 150w, https:\/\/santafefc.do\/wp-content\/uploads\/2019\/03\/team-2-300x300.jpg 300w, https:\/\/santafefc.do\/wp-content\/uploads\/2019\/03\/team-2-12x12.jpg 12w\" sizes=\"auto, (max-width: 500px) 100vw, 500px\" \/><\/div><div class='dt-sc-team-details'><h4>Fulano de tal<\/h4><h5>Director<\/h5><p>Lorem ipsum dolor sit amet, consectetur adipiscing elit. Morbi hendrerit elit turpis, a porttitor tellus sollicitudin at.<\/p><\/div><\/div><\/div><\/div><\/div><div class=\"wpb_column vc_column_container vc_col-sm-4\"><div class=\"vc_column-inner\"><div class=\"wpb_wrapper\"><div class='dt-sc-team hide-details-show-on-hover'><div class='dt-sc-team-thumb'><img loading=\"lazy\" decoding=\"async\" width=\"400\" height=\"400\" src=\"https:\/\/santafefc.do\/wp-content\/uploads\/2021\/09\/New-Project-16.jpg\" class=\"attachment-full\" alt=\"\" title=\"New Project (16)\" srcset=\"https:\/\/santafefc.do\/wp-content\/uploads\/2021\/09\/New-Project-16.jpg 400w, https:\/\/santafefc.do\/wp-content\/uploads\/2021\/09\/New-Project-16-300x300.jpg 300w, https:\/\/santafefc.do\/wp-content\/uploads\/2021\/09\/New-Project-16-150x150.jpg 150w, https:\/\/santafefc.do\/wp-content\/uploads\/2021\/09\/New-Project-16-12x12.jpg 12w\" sizes=\"auto, (max-width: 400px) 100vw, 400px\" \/><\/div><div class='dt-sc-team-details'><h4>Fulano de tal<\/h4><h5>Entrenador<\/h5><p>Lorem ipsum dolor sit amet, consectetur adipiscing elit. Morbi hendrerit elit turpis, a porttitor tellus sollicitudin at.<\/p><\/div><\/div><\/div><\/div><\/div><\/div>\n<\/div>","protected":false},"excerpt":{"rendered":"Equipo Santa Fe Nuestros entrenadores est\u00e1n altamente cualificados y a la vanguardia con el f\u00fatbol y sus tendencias, adem\u00e1s son provenientes de diferentes mecas del f\u00fatbol a nivel mundial como: [...]","protected":false},"author":2753,"featured_media":0,"parent":0,"menu_order":0,"comment_status":"closed","ping_status":"closed","template":"","meta":{"_bbp_topic_count":0,"_bbp_reply_count":0,"_bbp_total_topic_count":0,"_bbp_total_reply_count":0,"_bbp_voice_count":0,"_bbp_anonymous_reply_count":0,"_bbp_topic_count_hidden":0,"_bbp_reply_count_hidden":0,"_bbp_forum_subforum_count":0,"_joinchat":[],"footnotes":""},"class_list":["post-7240","page","type-page","status-publish","hentry"],"yoast_head":"<!-- This site is optimized with the Yoast SEO plugin v27.0 - https:\/\/yoast.com\/product\/yoast-seo-wordpress\/ -->\n<title>Equipo Santa Fe - Santa Fe F\u00fatbol Club<\/title>\n<meta name=\"robots\" content=\"index, follow, max-snippet:-1, max-image-preview:large, max-video-preview:-1\" \/>\n<link rel=\"canonical\" href=\"https:\/\/santafefc.do\/en\/equipo-santa-fe\/\" \/>\n<meta property=\"og:locale\" content=\"en_US\" \/>\n<meta property=\"og:type\" content=\"article\" \/>\n<meta property=\"og:title\" content=\"Equipo Santa Fe - Santa Fe F\u00fatbol Club\" \/>\n<meta property=\"og:url\" content=\"https:\/\/santafefc.do\/en\/equipo-santa-fe\/\" \/>\n<meta property=\"og:site_name\" content=\"Santa Fe F\u00fatbol Club\" \/>\n<meta property=\"article:modified_time\" content=\"2021-09-16T22:15:38+00:00\" \/>\n<meta name=\"twitter:card\" content=\"summary_large_image\" \/>\n<meta name=\"twitter:label1\" content=\"Est. reading time\" \/>\n\t<meta name=\"twitter:data1\" content=\"1 minute\" \/>\n<script type=\"application\/ld+json\" class=\"yoast-schema-graph\">{\"@context\":\"https:\/\/schema.org\",\"@graph\":[{\"@type\":\"WebPage\",\"@id\":\"https:\/\/santafefc.do\/equipo-santa-fe\/\",\"url\":\"https:\/\/santafefc.do\/equipo-santa-fe\/\",\"name\":\"Equipo Santa Fe - Santa Fe F\u00fatbol Club\",\"isPartOf\":{\"@id\":\"https:\/\/santafefc.do\/#website\"},\"datePublished\":\"2021-09-07T19:55:07+00:00\",\"dateModified\":\"2021-09-16T22:15:38+00:00\",\"breadcrumb\":{\"@id\":\"https:\/\/santafefc.do\/equipo-santa-fe\/#breadcrumb\"},\"inLanguage\":\"en-US\",\"potentialAction\":[{\"@type\":\"ReadAction\",\"target\":[\"https:\/\/santafefc.do\/equipo-santa-fe\/\"]}]},{\"@type\":\"BreadcrumbList\",\"@id\":\"https:\/\/santafefc.do\/equipo-santa-fe\/#breadcrumb\",\"itemListElement\":[{\"@type\":\"ListItem\",\"position\":1,\"name\":\"Portada\",\"item\":\"https:\/\/santafefc.do\/\"},{\"@type\":\"ListItem\",\"position\":2,\"name\":\"Equipo Santa Fe\"}]},{\"@type\":\"WebSite\",\"@id\":\"https:\/\/santafefc.do\/#website\",\"url\":\"https:\/\/santafefc.do\/\",\"name\":\"Santa Fe F\u00fatbol Club\",\"description\":\"Unidad - Pasi\u00f3n - Victoria.\",\"potentialAction\":[{\"@type\":\"SearchAction\",\"target\":{\"@type\":\"EntryPoint\",\"urlTemplate\":\"https:\/\/santafefc.do\/?s={search_term_string}\"},\"query-input\":{\"@type\":\"PropertyValueSpecification\",\"valueRequired\":true,\"valueName\":\"search_term_string\"}}],\"inLanguage\":\"en-US\"}]}<\/script>\n<!-- \/ Yoast SEO plugin. -->","yoast_head_json":{"title":"Equipo Santa Fe - Santa Fe F\u00fatbol Club","robots":{"index":"index","follow":"follow","max-snippet":"max-snippet:-1","max-image-preview":"max-image-preview:large","max-video-preview":"max-video-preview:-1"},"canonical":"https:\/\/santafefc.do\/en\/equipo-santa-fe\/","og_locale":"en_US","og_type":"article","og_title":"Equipo Santa Fe - Santa Fe F\u00fatbol Club","og_url":"https:\/\/santafefc.do\/en\/equipo-santa-fe\/","og_site_name":"Santa Fe F\u00fatbol Club","article_modified_time":"2021-09-16T22:15:38+00:00","twitter_card":"summary_large_image","twitter_misc":{"Est. reading time":"1 minute"},"schema":{"@context":"https:\/\/schema.org","@graph":[{"@type":"WebPage","@id":"https:\/\/santafefc.do\/equipo-santa-fe\/","url":"https:\/\/santafefc.do\/equipo-santa-fe\/","name":"Equipo Santa Fe - Santa Fe F\u00fatbol Club","isPartOf":{"@id":"https:\/\/santafefc.do\/#website"},"datePublished":"2021-09-07T19:55:07+00:00","dateModified":"2021-09-16T22:15:38+00:00","breadcrumb":{"@id":"https:\/\/santafefc.do\/equipo-santa-fe\/#breadcrumb"},"inLanguage":"en-US","potentialAction":[{"@type":"ReadAction","target":["https:\/\/santafefc.do\/equipo-santa-fe\/"]}]},{"@type":"BreadcrumbList","@id":"https:\/\/santafefc.do\/equipo-santa-fe\/#breadcrumb","itemListElement":[{"@type":"ListItem","position":1,"name":"Portada","item":"https:\/\/santafefc.do\/"},{"@type":"ListItem","position":2,"name":"Equipo Santa Fe"}]},{"@type":"WebSite","@id":"https:\/\/santafefc.do\/#website","url":"https:\/\/santafefc.do\/","name":"Santa Fe F\u00fatbol Club","description":"Unidad - Pasi\u00f3n - Victoria.","potentialAction":[{"@type":"SearchAction","target":{"@type":"EntryPoint","urlTemplate":"https:\/\/santafefc.do\/?s={search_term_string}"},"query-input":{"@type":"PropertyValueSpecification","valueRequired":true,"valueName":"search_term_string"}}],"inLanguage":"en-US"}]}},"_links":{"self":[{"href":"https:\/\/santafefc.do\/en\/wp-json\/wp\/v2\/pages\/7240","targetHints":{"allow":["GET"]}}],"collection":[{"href":"https:\/\/santafefc.do\/en\/wp-json\/wp\/v2\/pages"}],"about":[{"href":"https:\/\/santafefc.do\/en\/wp-json\/wp\/v2\/types\/page"}],"author":[{"embeddable":true,"href":"https:\/\/santafefc.do\/en\/wp-json\/wp\/v2\/users\/2753"}],"replies":[{"embeddable":true,"href":"https:\/\/santafefc.do\/en\/wp-json\/wp\/v2\/comments?post=7240"}],"version-history":[{"count":8,"href":"https:\/\/santafefc.do\/en\/wp-json\/wp\/v2\/pages\/7240\/revisions"}],"predecessor-version":[{"id":7275,"href":"https:\/\/santafefc.do\/en\/wp-json\/wp\/v2\/pages\/7240\/revisions\/7275"}],"wp:attachment":[{"href":"https:\/\/santafefc.do\/en\/wp-json\/wp\/v2\/media?parent=7240"}],"curies":[{"name":"wp","href":"https:\/\/api.w.org\/{rel}","templated":true}]}}