{"id":7149,"date":"2021-08-31T22:44:36","date_gmt":"2021-08-31T22:44:36","guid":{"rendered":"https:\/\/santafefc.do\/?page_id=7149"},"modified":"2021-09-03T14:25:26","modified_gmt":"2021-09-03T14:25:26","slug":"academia","status":"publish","type":"page","link":"https:\/\/santafefc.do\/en\/academia\/","title":{"rendered":"Academia"},"content":{"rendered":"<div class=\"wpb-content-wrapper\"><div class=\"vc_row wpb_row vc_row-fluid\"><div class=\"wpb_column vc_column_container vc_col-sm-12\"><div class=\"vc_column-inner\"><div class=\"wpb_wrapper\"><h1 style=\"color: #ffffff;text-align: center;font-family:Roboto;font-weight:900;font-style:normal\" class=\"vc_custom_heading vc_custom_1630623393496\">Academia<\/h1><\/div><\/div><\/div><\/div><div class=\"vc_row wpb_row vc_row-fluid\"><div class=\"wpb_column vc_column_container vc_col-sm-6\"><div class=\"vc_column-inner\"><div class=\"wpb_wrapper\"><div class='dt-sc-title border-title'><h2>BLOQUES DE TRABAJO<\/h2><\/div>\n\t<div  class=\"wpb_single_image wpb_content_element vc_align_left wpb_content_element\">\n\t\t\n\t\t<figure class=\"wpb_wrapper vc_figure\">\n\t\t\t<div class=\"vc_single_image-wrapper   vc_box_border_grey\"><img loading=\"lazy\" decoding=\"async\" width=\"1000\" height=\"667\" src=\"https:\/\/santafefc.do\/wp-content\/uploads\/2021\/07\/MG_5211.jpg\" class=\"vc_single_image-img attachment-full\" alt=\"\" title=\"_MG_5211\" srcset=\"https:\/\/santafefc.do\/wp-content\/uploads\/2021\/07\/MG_5211.jpg 1000w, https:\/\/santafefc.do\/wp-content\/uploads\/2021\/07\/MG_5211-300x200.jpg 300w, https:\/\/santafefc.do\/wp-content\/uploads\/2021\/07\/MG_5211-768x512.jpg 768w, https:\/\/santafefc.do\/wp-content\/uploads\/2021\/07\/MG_5211-16x12.jpg 16w\" sizes=\"auto, (max-width: 1000px) 100vw, 1000px\" \/><\/div>\n\t\t<\/figure>\n\t<\/div>\n\n\t<div class=\"wpb_text_column wpb_content_element\" >\n\t\t<div class=\"wpb_wrapper\">\n\t\t\t<p>Los trabajos semanales est\u00e1n divididos en bloques donde la semana, el mes y el a\u00f1o tienen un programa de actividad din\u00e1mica, entretenido y sobre todo con contenido. Este contenido y la cantidad de trabajo semanal est\u00e1 dise\u00f1ado de acuerdo la edad de cada grupo y su capacidad de resistencia, lo que nos permite ir llevando de forma paulatina casa jugador a su m\u00e1ximo desarrollo posible.<\/p>\n\n\t\t<\/div>\n\t<\/div>\n<\/div><\/div><\/div><div class=\"wpb_column vc_column_container vc_col-sm-6\"><div class=\"vc_column-inner\"><div class=\"wpb_wrapper\"><div class='dt-sc-title border-title'><h2>EQUIPO TECNICO<\/h2><\/div>\n\t<div  class=\"wpb_single_image wpb_content_element vc_align_left wpb_content_element\">\n\t\t\n\t\t<figure class=\"wpb_wrapper vc_figure\">\n\t\t\t<div class=\"vc_single_image-wrapper   vc_box_border_grey\"><img loading=\"lazy\" decoding=\"async\" width=\"1000\" height=\"667\" src=\"https:\/\/santafefc.do\/wp-content\/uploads\/2021\/07\/MG_4083.jpg\" class=\"vc_single_image-img attachment-full\" alt=\"\" title=\"_MG_4083\" srcset=\"https:\/\/santafefc.do\/wp-content\/uploads\/2021\/07\/MG_4083.jpg 1000w, https:\/\/santafefc.do\/wp-content\/uploads\/2021\/07\/MG_4083-300x200.jpg 300w, https:\/\/santafefc.do\/wp-content\/uploads\/2021\/07\/MG_4083-768x512.jpg 768w, https:\/\/santafefc.do\/wp-content\/uploads\/2021\/07\/MG_4083-16x12.jpg 16w\" sizes=\"auto, (max-width: 1000px) 100vw, 1000px\" \/><\/div>\n\t\t<\/figure>\n\t<\/div>\n\n\t<div class=\"wpb_text_column wpb_content_element\" >\n\t\t<div class=\"wpb_wrapper\">\n\t\t\t<p>Nuestro Club trabaja con un sistema \u00fanico donde no existe la \ufb01gura del \u201cEntrenador del Equipo\u201d, sino que es un Grupo T\u00e9cnico que trabaja todos los equipos. Abarcaremos el plano f\u00edsico, plano t\u00e9cnico, el plano psicol\u00f3gico, estad\u00edstico y el plano m\u00e9dico nutricional.<\/p>\n\n\t\t<\/div>\n\t<\/div>\n<\/div><\/div><\/div><\/div><div class=\"vc_row wpb_row vc_row-fluid\"><div class=\"wpb_column vc_column_container vc_col-sm-6\"><div class=\"vc_column-inner\"><div class=\"wpb_wrapper\"><div id=\"1630449505679-90efbffd-a76f\" class=\"dt-sc-empty-space\"><\/div><div class='dt-sc-title border-title'><h2>\u00bfQUE BUSCAMOS CON ESTO?<\/h2><\/div>\n\t<div  class=\"wpb_single_image wpb_content_element vc_align_left wpb_content_element\">\n\t\t\n\t\t<figure class=\"wpb_wrapper vc_figure\">\n\t\t\t<div class=\"vc_single_image-wrapper   vc_box_border_grey\"><img loading=\"lazy\" decoding=\"async\" width=\"1500\" height=\"1000\" src=\"https:\/\/santafefc.do\/wp-content\/uploads\/2021\/07\/MG_5513.jpg\" class=\"vc_single_image-img attachment-full\" alt=\"\" title=\"_MG_5513\" srcset=\"https:\/\/santafefc.do\/wp-content\/uploads\/2021\/07\/MG_5513.jpg 1500w, https:\/\/santafefc.do\/wp-content\/uploads\/2021\/07\/MG_5513-300x200.jpg 300w, https:\/\/santafefc.do\/wp-content\/uploads\/2021\/07\/MG_5513-1024x683.jpg 1024w, https:\/\/santafefc.do\/wp-content\/uploads\/2021\/07\/MG_5513-768x512.jpg 768w, https:\/\/santafefc.do\/wp-content\/uploads\/2021\/07\/MG_5513-16x12.jpg 16w\" sizes=\"auto, (max-width: 1500px) 100vw, 1500px\" \/><\/div>\n\t\t<\/figure>\n\t<\/div>\n\n\t<div class=\"wpb_text_column wpb_content_element\" >\n\t\t<div class=\"wpb_wrapper\">\n\t\t\t<ol>\n<li>Que los entrenadores est\u00e9n abocados a todos nuestros jugadores.<\/li>\n<li>Solucionar el problema de relaciones entre jugadores y entrenadores, porque lo pone o lo saca del equipo, porque no hay camarader\u00eda, porque gustan las formas, etc.<\/li>\n<li>Que lo m\u00e1s importante sea el programa de ense\u00f1anza, y no un resultado deportivo.<\/li>\n<\/ol>\n\n\t\t<\/div>\n\t<\/div>\n<\/div><\/div><\/div><div class=\"wpb_column vc_column_container vc_col-sm-6\"><div class=\"vc_column-inner\"><div class=\"wpb_wrapper\"><div id=\"1630449538435-08fee6fd-852b\" class=\"dt-sc-empty-space\"><\/div><div class='dt-sc-title border-title'><h2>DATA BASE DE JUGADORES<\/h2><\/div>\n\t<div  class=\"wpb_single_image wpb_content_element vc_align_left wpb_content_element\">\n\t\t\n\t\t<figure class=\"wpb_wrapper vc_figure\">\n\t\t\t<div class=\"vc_single_image-wrapper   vc_box_border_grey\"><img loading=\"lazy\" decoding=\"async\" width=\"1500\" height=\"1000\" src=\"https:\/\/santafefc.do\/wp-content\/uploads\/2021\/07\/MG_5269.jpg\" class=\"vc_single_image-img attachment-full\" alt=\"\" title=\"_MG_5269\" srcset=\"https:\/\/santafefc.do\/wp-content\/uploads\/2021\/07\/MG_5269.jpg 1500w, https:\/\/santafefc.do\/wp-content\/uploads\/2021\/07\/MG_5269-300x200.jpg 300w, https:\/\/santafefc.do\/wp-content\/uploads\/2021\/07\/MG_5269-1024x683.jpg 1024w, https:\/\/santafefc.do\/wp-content\/uploads\/2021\/07\/MG_5269-768x512.jpg 768w, https:\/\/santafefc.do\/wp-content\/uploads\/2021\/07\/MG_5269-16x12.jpg 16w\" sizes=\"auto, (max-width: 1500px) 100vw, 1500px\" \/><\/div>\n\t\t<\/figure>\n\t<\/div>\n\n\t<div class=\"wpb_text_column wpb_content_element\" >\n\t\t<div class=\"wpb_wrapper\">\n\t\t\t<p>Un sistema de seguimiento del jugador desde los 5 a\u00f1os. Historial f\u00edsico, evaluaci\u00f3n nutricional, evaluaci\u00f3n m\u00e9dica. Desde los 10 a\u00f1os anexamos a este historial un control sobre sus acciones de entrenamiento mediante registro f\u00edlmico, y puntuaci\u00f3n de ejercicios. Desde los 14 a\u00f1os en base al registro habr\u00e1 estad\u00edstica individual del desempe\u00f1o de cada jugador.<\/p>\n\n\t\t<\/div>\n\t<\/div>\n<\/div><\/div><\/div><\/div>\n<\/div>","protected":false},"excerpt":{"rendered":"AcademiaBLOQUES DE TRABAJO Los trabajos semanales est\u00e1n divididos en bloques donde la semana, el mes y el a\u00f1o tienen un programa de actividad din\u00e1mica, entretenido y sobre todo con contenido. [...]","protected":false},"author":2753,"featured_media":0,"parent":0,"menu_order":0,"comment_status":"closed","ping_status":"closed","template":"","meta":{"_bbp_topic_count":0,"_bbp_reply_count":0,"_bbp_total_topic_count":0,"_bbp_total_reply_count":0,"_bbp_voice_count":0,"_bbp_anonymous_reply_count":0,"_bbp_topic_count_hidden":0,"_bbp_reply_count_hidden":0,"_bbp_forum_subforum_count":0,"_joinchat":[],"footnotes":""},"class_list":["post-7149","page","type-page","status-publish","hentry"],"yoast_head":"<!-- This site is optimized with the Yoast SEO plugin v27.0 - https:\/\/yoast.com\/product\/yoast-seo-wordpress\/ -->\n<title>Academia - Santa Fe F\u00fatbol Club<\/title>\n<meta name=\"robots\" content=\"index, follow, max-snippet:-1, max-image-preview:large, max-video-preview:-1\" \/>\n<link rel=\"canonical\" href=\"https:\/\/santafefc.do\/en\/academia\/\" \/>\n<meta property=\"og:locale\" content=\"en_US\" \/>\n<meta property=\"og:type\" content=\"article\" \/>\n<meta property=\"og:title\" content=\"Academia - Santa Fe F\u00fatbol Club\" \/>\n<meta property=\"og:url\" content=\"https:\/\/santafefc.do\/en\/academia\/\" \/>\n<meta property=\"og:site_name\" content=\"Santa Fe F\u00fatbol Club\" \/>\n<meta property=\"article:modified_time\" content=\"2021-09-03T14:25:26+00:00\" \/>\n<meta name=\"twitter:card\" content=\"summary_large_image\" \/>\n<meta name=\"twitter:label1\" content=\"Est. reading time\" \/>\n\t<meta name=\"twitter:data1\" content=\"3 minutes\" \/>\n<script type=\"application\/ld+json\" class=\"yoast-schema-graph\">{\"@context\":\"https:\/\/schema.org\",\"@graph\":[{\"@type\":\"WebPage\",\"@id\":\"https:\/\/santafefc.do\/academia\/\",\"url\":\"https:\/\/santafefc.do\/academia\/\",\"name\":\"Academia - Santa Fe F\u00fatbol Club\",\"isPartOf\":{\"@id\":\"https:\/\/santafefc.do\/#website\"},\"datePublished\":\"2021-08-31T22:44:36+00:00\",\"dateModified\":\"2021-09-03T14:25:26+00:00\",\"breadcrumb\":{\"@id\":\"https:\/\/santafefc.do\/academia\/#breadcrumb\"},\"inLanguage\":\"en-US\",\"potentialAction\":[{\"@type\":\"ReadAction\",\"target\":[\"https:\/\/santafefc.do\/academia\/\"]}]},{\"@type\":\"BreadcrumbList\",\"@id\":\"https:\/\/santafefc.do\/academia\/#breadcrumb\",\"itemListElement\":[{\"@type\":\"ListItem\",\"position\":1,\"name\":\"Portada\",\"item\":\"https:\/\/santafefc.do\/\"},{\"@type\":\"ListItem\",\"position\":2,\"name\":\"Academia\"}]},{\"@type\":\"WebSite\",\"@id\":\"https:\/\/santafefc.do\/#website\",\"url\":\"https:\/\/santafefc.do\/\",\"name\":\"Santa Fe F\u00fatbol Club\",\"description\":\"Unidad - Pasi\u00f3n - Victoria.\",\"potentialAction\":[{\"@type\":\"SearchAction\",\"target\":{\"@type\":\"EntryPoint\",\"urlTemplate\":\"https:\/\/santafefc.do\/?s={search_term_string}\"},\"query-input\":{\"@type\":\"PropertyValueSpecification\",\"valueRequired\":true,\"valueName\":\"search_term_string\"}}],\"inLanguage\":\"en-US\"}]}<\/script>\n<!-- \/ Yoast SEO plugin. -->","yoast_head_json":{"title":"Academia - Santa Fe F\u00fatbol Club","robots":{"index":"index","follow":"follow","max-snippet":"max-snippet:-1","max-image-preview":"max-image-preview:large","max-video-preview":"max-video-preview:-1"},"canonical":"https:\/\/santafefc.do\/en\/academia\/","og_locale":"en_US","og_type":"article","og_title":"Academia - Santa Fe F\u00fatbol Club","og_url":"https:\/\/santafefc.do\/en\/academia\/","og_site_name":"Santa Fe F\u00fatbol Club","article_modified_time":"2021-09-03T14:25:26+00:00","twitter_card":"summary_large_image","twitter_misc":{"Est. reading time":"3 minutes"},"schema":{"@context":"https:\/\/schema.org","@graph":[{"@type":"WebPage","@id":"https:\/\/santafefc.do\/academia\/","url":"https:\/\/santafefc.do\/academia\/","name":"Academia - Santa Fe F\u00fatbol Club","isPartOf":{"@id":"https:\/\/santafefc.do\/#website"},"datePublished":"2021-08-31T22:44:36+00:00","dateModified":"2021-09-03T14:25:26+00:00","breadcrumb":{"@id":"https:\/\/santafefc.do\/academia\/#breadcrumb"},"inLanguage":"en-US","potentialAction":[{"@type":"ReadAction","target":["https:\/\/santafefc.do\/academia\/"]}]},{"@type":"BreadcrumbList","@id":"https:\/\/santafefc.do\/academia\/#breadcrumb","itemListElement":[{"@type":"ListItem","position":1,"name":"Portada","item":"https:\/\/santafefc.do\/"},{"@type":"ListItem","position":2,"name":"Academia"}]},{"@type":"WebSite","@id":"https:\/\/santafefc.do\/#website","url":"https:\/\/santafefc.do\/","name":"Santa Fe F\u00fatbol Club","description":"Unidad - Pasi\u00f3n - Victoria.","potentialAction":[{"@type":"SearchAction","target":{"@type":"EntryPoint","urlTemplate":"https:\/\/santafefc.do\/?s={search_term_string}"},"query-input":{"@type":"PropertyValueSpecification","valueRequired":true,"valueName":"search_term_string"}}],"inLanguage":"en-US"}]}},"_links":{"self":[{"href":"https:\/\/santafefc.do\/en\/wp-json\/wp\/v2\/pages\/7149","targetHints":{"allow":["GET"]}}],"collection":[{"href":"https:\/\/santafefc.do\/en\/wp-json\/wp\/v2\/pages"}],"about":[{"href":"https:\/\/santafefc.do\/en\/wp-json\/wp\/v2\/types\/page"}],"author":[{"embeddable":true,"href":"https:\/\/santafefc.do\/en\/wp-json\/wp\/v2\/users\/2753"}],"replies":[{"embeddable":true,"href":"https:\/\/santafefc.do\/en\/wp-json\/wp\/v2\/comments?post=7149"}],"version-history":[{"count":19,"href":"https:\/\/santafefc.do\/en\/wp-json\/wp\/v2\/pages\/7149\/revisions"}],"predecessor-version":[{"id":7174,"href":"https:\/\/santafefc.do\/en\/wp-json\/wp\/v2\/pages\/7149\/revisions\/7174"}],"wp:attachment":[{"href":"https:\/\/santafefc.do\/en\/wp-json\/wp\/v2\/media?parent=7149"}],"curies":[{"name":"wp","href":"https:\/\/api.w.org\/{rel}","templated":true}]}}