{"id":6937,"date":"2021-07-29T21:16:38","date_gmt":"2021-07-29T21:16:38","guid":{"rendered":"https:\/\/santafefc.do\/?page_id=6937"},"modified":"2021-07-30T13:58:35","modified_gmt":"2021-07-30T13:58:35","slug":"fundacion-santa-fe","status":"publish","type":"page","link":"https:\/\/santafefc.do\/en\/fundacion-santa-fe\/","title":{"rendered":"Fundaci\u00f3n Santa Fe"},"content":{"rendered":"<div class=\"wpb-content-wrapper\"><div class=\"vc_row wpb_row vc_row-fluid\"><div class=\"wpb_column vc_column_container vc_col-sm-12\"><div class=\"vc_column-inner\"><div class=\"wpb_wrapper\"><div class='dt-sc-image-caption type5'><div class='dt-sc-image-wrapper'><img loading=\"lazy\" decoding=\"async\" width=\"1522\" height=\"649\" src=\"https:\/\/santafefc.do\/wp-content\/uploads\/2021\/07\/fundacion-banner.jpg\" class=\"attachment-full\" alt=\"\" title=\"fundacion-banner\" srcset=\"https:\/\/santafefc.do\/wp-content\/uploads\/2021\/07\/fundacion-banner.jpg 1522w, https:\/\/santafefc.do\/wp-content\/uploads\/2021\/07\/fundacion-banner-300x128.jpg 300w, https:\/\/santafefc.do\/wp-content\/uploads\/2021\/07\/fundacion-banner-1024x437.jpg 1024w, https:\/\/santafefc.do\/wp-content\/uploads\/2021\/07\/fundacion-banner-768x327.jpg 768w, https:\/\/santafefc.do\/wp-content\/uploads\/2021\/07\/fundacion-banner-16x7.jpg 16w\" sizes=\"auto, (max-width: 1522px) 100vw, 1522px\" \/><\/div><div class='dt-sc-image-content'><div class='dt-sc-image-title'><h3>Fundaci\u00f3n Santa Fe<\/h3><h6>\u0301 \u0301Una instituci\u00f3n destinada a apoyar a aquellos que les sobra talento pero necesitan una mano amiga para crecer. \u0301 \u0301<\/h6><\/div><p>Una instituci\u00f3n destinada a apoyar a aquellos que les sobra talento pero necesitan una\nmano amiga para crecer.<\/p><\/div><\/div><\/div><\/div><\/div><\/div><div class=\"vc_row wpb_row vc_row-fluid\"><div class=\"wpb_column vc_column_container vc_col-sm-4\"><div class=\"vc_column-inner\" style=\" text-align:center; \"><div class=\"wpb_wrapper\">\n\t<div class=\"wpb_text_column wpb_content_element\" >\n\t\t<div class=\"wpb_wrapper\">\n\t\t\t<h3><strong>Misi\u00f3n:<\/strong><\/h3>\n<p>Ser la mano amiga de los j\u00f3venes talentos del f\u00fatbol en Rep\u00fablica Dominicana, form\u00e1ndolos y aportando esperanza en la realizaci\u00f3n de sus sue\u00f1os, a la vez que servimos a la sociedad integrando personas capacitadas en disciplina, respeto y orden.<\/p>\n\n\t\t<\/div>\n\t<\/div>\n<\/div><\/div><\/div><div class=\"wpb_column vc_column_container vc_col-sm-4\"><div class=\"vc_column-inner\" style=\" text-align:center; \"><div class=\"wpb_wrapper\">\n\t<div class=\"wpb_text_column wpb_content_element\" >\n\t\t<div class=\"wpb_wrapper\">\n\t\t\t<h3><strong>Visi\u00f3n:<\/strong><\/h3>\n<p>Ser la instituci\u00f3n sin fines de lucro m\u00e1s completa en materia de f\u00fatbol, formando atletas de bajo recursos y apoy\u00e1ndolos en su educaci\u00f3n deportiva, acad\u00e9mica y necesidades b\u00e1sicas.<\/p>\n\n\t\t<\/div>\n\t<\/div>\n<\/div><\/div><\/div><div class=\"wpb_column vc_column_container vc_col-sm-4\"><div class=\"vc_column-inner\" style=\" text-align:center; \"><div class=\"wpb_wrapper\">\n\t<div class=\"wpb_text_column wpb_content_element\" >\n\t\t<div class=\"wpb_wrapper\">\n\t\t\t<h3><strong>Valores:<\/strong><\/h3>\n<p>\u25cf Integridad<br \/>\n\u25cf Fe<br \/>\n\u25cf Confianza<br \/>\n\u25cf Uni\u00f3n<br \/>\n\u25cf Responsabilidad<br \/>\n\u25cf Respeto<br \/>\n\u25cf Humildad<\/p>\n\n\t\t<\/div>\n\t<\/div>\n<\/div><\/div><\/div><\/div><div class=\"vc_row wpb_row vc_row-fluid\"><div class=\"wpb_column vc_column_container vc_col-sm-12\"><div class=\"vc_column-inner\"><div class=\"wpb_wrapper\"><div  class=\"vc_do_toggle vc_toggle vc_toggle_default vc_toggle_color_default  vc_toggle_size_md\"><div class=\"vc_toggle_title\"><h4>Que hace la fundaci\u00f3n?<\/h4><i class=\"vc_toggle_icon\"><\/i><\/div><div class=\"vc_toggle_content\"><p>Se encarga de Becar a j\u00f3venes de escasos recursos con talentos y habilidades para el f\u00fatbol. Las becas incluyen matriculaci\u00f3n gratuita, uniformes, y en casos especiales ayuda econ\u00f3mica para necesidades b\u00e1sica, donaciones de ropa y otros art\u00edculos.<\/p>\n<\/div><\/div><div  class=\"vc_do_toggle vc_toggle vc_toggle_default vc_toggle_color_default  vc_toggle_size_md\"><div class=\"vc_toggle_title\"><h4>C\u00f3mo llegan los prospectos?<\/h4><i class=\"vc_toggle_icon\"><\/i><\/div><div class=\"vc_toggle_content\"><p>Se realizan Try Outs o Pruebas de talento, donde se eval\u00faan las personas interesadas, sus necesidades y talentos. Tambi\u00e9n pueden llegar por referencias o contactando directamente la academia.<\/p>\n<\/div><\/div><\/div><\/div><\/div><\/div>\n<\/div>","protected":false},"excerpt":{"rendered":"Fundaci\u00f3n Santa Fe\u0301 \u0301Una instituci\u00f3n destinada a apoyar a aquellos que les sobra talento pero necesitan una mano amiga para crecer. \u0301 \u0301Una instituci\u00f3n destinada a apoyar a aquellos que [...]","protected":false},"author":2753,"featured_media":0,"parent":0,"menu_order":0,"comment_status":"closed","ping_status":"closed","template":"","meta":{"_bbp_topic_count":0,"_bbp_reply_count":0,"_bbp_total_topic_count":0,"_bbp_total_reply_count":0,"_bbp_voice_count":0,"_bbp_anonymous_reply_count":0,"_bbp_topic_count_hidden":0,"_bbp_reply_count_hidden":0,"_bbp_forum_subforum_count":0,"_joinchat":[],"footnotes":""},"class_list":["post-6937","page","type-page","status-publish","hentry"],"yoast_head":"<!-- This site is optimized with the Yoast SEO plugin v27.0 - https:\/\/yoast.com\/product\/yoast-seo-wordpress\/ -->\n<title>Fundaci\u00f3n Santa Fe - Santa Fe F\u00fatbol Club<\/title>\n<meta name=\"robots\" content=\"index, follow, max-snippet:-1, max-image-preview:large, max-video-preview:-1\" \/>\n<link rel=\"canonical\" href=\"https:\/\/santafefc.do\/en\/fundacion-santa-fe\/\" \/>\n<meta property=\"og:locale\" content=\"en_US\" \/>\n<meta property=\"og:type\" content=\"article\" \/>\n<meta property=\"og:title\" content=\"Fundaci\u00f3n Santa Fe - Santa Fe F\u00fatbol Club\" \/>\n<meta property=\"og:url\" content=\"https:\/\/santafefc.do\/en\/fundacion-santa-fe\/\" \/>\n<meta property=\"og:site_name\" content=\"Santa Fe F\u00fatbol Club\" \/>\n<meta property=\"article:modified_time\" content=\"2021-07-30T13:58:35+00:00\" \/>\n<meta name=\"twitter:card\" content=\"summary_large_image\" \/>\n<meta name=\"twitter:label1\" content=\"Est. reading time\" \/>\n\t<meta name=\"twitter:data1\" content=\"2 minutes\" \/>\n<script type=\"application\/ld+json\" class=\"yoast-schema-graph\">{\"@context\":\"https:\/\/schema.org\",\"@graph\":[{\"@type\":\"WebPage\",\"@id\":\"https:\/\/santafefc.do\/fundacion-santa-fe\/\",\"url\":\"https:\/\/santafefc.do\/fundacion-santa-fe\/\",\"name\":\"Fundaci\u00f3n Santa Fe - Santa Fe F\u00fatbol Club\",\"isPartOf\":{\"@id\":\"https:\/\/santafefc.do\/#website\"},\"datePublished\":\"2021-07-29T21:16:38+00:00\",\"dateModified\":\"2021-07-30T13:58:35+00:00\",\"breadcrumb\":{\"@id\":\"https:\/\/santafefc.do\/fundacion-santa-fe\/#breadcrumb\"},\"inLanguage\":\"en-US\",\"potentialAction\":[{\"@type\":\"ReadAction\",\"target\":[\"https:\/\/santafefc.do\/fundacion-santa-fe\/\"]}]},{\"@type\":\"BreadcrumbList\",\"@id\":\"https:\/\/santafefc.do\/fundacion-santa-fe\/#breadcrumb\",\"itemListElement\":[{\"@type\":\"ListItem\",\"position\":1,\"name\":\"Portada\",\"item\":\"https:\/\/santafefc.do\/\"},{\"@type\":\"ListItem\",\"position\":2,\"name\":\"Fundaci\u00f3n Santa Fe\"}]},{\"@type\":\"WebSite\",\"@id\":\"https:\/\/santafefc.do\/#website\",\"url\":\"https:\/\/santafefc.do\/\",\"name\":\"Santa Fe F\u00fatbol Club\",\"description\":\"Unidad - Pasi\u00f3n - Victoria.\",\"potentialAction\":[{\"@type\":\"SearchAction\",\"target\":{\"@type\":\"EntryPoint\",\"urlTemplate\":\"https:\/\/santafefc.do\/?s={search_term_string}\"},\"query-input\":{\"@type\":\"PropertyValueSpecification\",\"valueRequired\":true,\"valueName\":\"search_term_string\"}}],\"inLanguage\":\"en-US\"}]}<\/script>\n<!-- \/ Yoast SEO plugin. -->","yoast_head_json":{"title":"Fundaci\u00f3n Santa Fe - Santa Fe F\u00fatbol Club","robots":{"index":"index","follow":"follow","max-snippet":"max-snippet:-1","max-image-preview":"max-image-preview:large","max-video-preview":"max-video-preview:-1"},"canonical":"https:\/\/santafefc.do\/en\/fundacion-santa-fe\/","og_locale":"en_US","og_type":"article","og_title":"Fundaci\u00f3n Santa Fe - Santa Fe F\u00fatbol Club","og_url":"https:\/\/santafefc.do\/en\/fundacion-santa-fe\/","og_site_name":"Santa Fe F\u00fatbol Club","article_modified_time":"2021-07-30T13:58:35+00:00","twitter_card":"summary_large_image","twitter_misc":{"Est. reading time":"2 minutes"},"schema":{"@context":"https:\/\/schema.org","@graph":[{"@type":"WebPage","@id":"https:\/\/santafefc.do\/fundacion-santa-fe\/","url":"https:\/\/santafefc.do\/fundacion-santa-fe\/","name":"Fundaci\u00f3n Santa Fe - Santa Fe F\u00fatbol Club","isPartOf":{"@id":"https:\/\/santafefc.do\/#website"},"datePublished":"2021-07-29T21:16:38+00:00","dateModified":"2021-07-30T13:58:35+00:00","breadcrumb":{"@id":"https:\/\/santafefc.do\/fundacion-santa-fe\/#breadcrumb"},"inLanguage":"en-US","potentialAction":[{"@type":"ReadAction","target":["https:\/\/santafefc.do\/fundacion-santa-fe\/"]}]},{"@type":"BreadcrumbList","@id":"https:\/\/santafefc.do\/fundacion-santa-fe\/#breadcrumb","itemListElement":[{"@type":"ListItem","position":1,"name":"Portada","item":"https:\/\/santafefc.do\/"},{"@type":"ListItem","position":2,"name":"Fundaci\u00f3n Santa Fe"}]},{"@type":"WebSite","@id":"https:\/\/santafefc.do\/#website","url":"https:\/\/santafefc.do\/","name":"Santa Fe F\u00fatbol Club","description":"Unidad - Pasi\u00f3n - Victoria.","potentialAction":[{"@type":"SearchAction","target":{"@type":"EntryPoint","urlTemplate":"https:\/\/santafefc.do\/?s={search_term_string}"},"query-input":{"@type":"PropertyValueSpecification","valueRequired":true,"valueName":"search_term_string"}}],"inLanguage":"en-US"}]}},"_links":{"self":[{"href":"https:\/\/santafefc.do\/en\/wp-json\/wp\/v2\/pages\/6937","targetHints":{"allow":["GET"]}}],"collection":[{"href":"https:\/\/santafefc.do\/en\/wp-json\/wp\/v2\/pages"}],"about":[{"href":"https:\/\/santafefc.do\/en\/wp-json\/wp\/v2\/types\/page"}],"author":[{"embeddable":true,"href":"https:\/\/santafefc.do\/en\/wp-json\/wp\/v2\/users\/2753"}],"replies":[{"embeddable":true,"href":"https:\/\/santafefc.do\/en\/wp-json\/wp\/v2\/comments?post=6937"}],"version-history":[{"count":9,"href":"https:\/\/santafefc.do\/en\/wp-json\/wp\/v2\/pages\/6937\/revisions"}],"predecessor-version":[{"id":7020,"href":"https:\/\/santafefc.do\/en\/wp-json\/wp\/v2\/pages\/6937\/revisions\/7020"}],"wp:attachment":[{"href":"https:\/\/santafefc.do\/en\/wp-json\/wp\/v2\/media?parent=6937"}],"curies":[{"name":"wp","href":"https:\/\/api.w.org\/{rel}","templated":true}]}}