{"id":2405,"date":"2019-01-16T07:03:54","date_gmt":"2019-01-16T07:03:54","guid":{"rendered":"http:\/\/wedesignthemes.com\/themes\/fitness-zone\/?page_id=2405"},"modified":"2021-08-09T15:11:44","modified_gmt":"2021-08-09T15:11:44","slug":"nosotros","status":"publish","type":"page","link":"https:\/\/santafefc.do\/en\/nosotros\/","title":{"rendered":"Nosotros"},"content":{"rendered":"<div class=\"wpb-content-wrapper\"><div class=\"vc_row wpb_row vc_row-fluid\"><div class=\"wpb_column vc_column_container vc_col-sm-12\"><div class=\"vc_column-inner\"><div class=\"wpb_wrapper\"><div class='dt-sc-title mz-stripe-title aligncenter'><div class='mz-stripe-title-content'><h2>Nosotros <span>Conocenos un poco m\u00e1s.<\/span><\/h2><\/div><\/div><div id=\"1625612652565-b689b2fd-81e5\" class=\"dt-sc-empty-space\"><\/div><\/div><\/div><\/div><\/div><div class=\"vc_row wpb_row vc_row-fluid\"><div class=\"wpb_column vc_column_container vc_col-sm-6\"><div class=\"vc_column-inner\"><div class=\"wpb_wrapper\">\n\t<div  class=\"wpb_single_image wpb_content_element vc_align_left wpb_content_element\">\n\t\t\n\t\t<figure class=\"wpb_wrapper vc_figure\">\n\t\t\t<div class=\"vc_single_image-wrapper   vc_box_border_grey\"><img loading=\"lazy\" decoding=\"async\" width=\"830\" height=\"848\" src=\"https:\/\/santafefc.do\/wp-content\/uploads\/2021\/07\/cancha-de-futbol-area-1.jpg\" class=\"vc_single_image-img attachment-full\" alt=\"\" title=\"cancha-de-futbol-area-1\" srcset=\"https:\/\/santafefc.do\/wp-content\/uploads\/2021\/07\/cancha-de-futbol-area-1.jpg 830w, https:\/\/santafefc.do\/wp-content\/uploads\/2021\/07\/cancha-de-futbol-area-1-294x300.jpg 294w, https:\/\/santafefc.do\/wp-content\/uploads\/2021\/07\/cancha-de-futbol-area-1-768x785.jpg 768w, https:\/\/santafefc.do\/wp-content\/uploads\/2021\/07\/cancha-de-futbol-area-1-12x12.jpg 12w, https:\/\/santafefc.do\/wp-content\/uploads\/2021\/07\/cancha-de-futbol-area-1-500x511.jpg 500w\" sizes=\"auto, (max-width: 830px) 100vw, 830px\" \/><\/div>\n\t\t<\/figure>\n\t<\/div>\n<\/div><\/div><\/div><div class=\"wpb_column vc_column_container vc_col-sm-6\"><div class=\"vc_column-inner\"><div class=\"wpb_wrapper\"><div class='dt-sc-toggle-frame-set type2'><div class=\"dt-sc-toggle-frame\">\t<h5 class='dt-sc-toggle-accordion'><a href='#'>QUIENES SOMOS?<\/a><\/h5>\t<div class=\"dt-sc-toggle-content\" style=\"display: none;\">\t\t<div class=\"block\"><div class=\"wpb_text_column wpb_content_element\" >\n\t\t<div class=\"wpb_wrapper\">\n\t\t\t<p><span style=\"font-weight: 400;\">El nombre Santa Fe nace en memoria de un hecho propio de la historia del descubrimiento de nuestra isla, cuando en 1492 los Reyes Cat\u00f3licos le firman a Crist\u00f3bal Col\u00f3n las Capitulaciones de Santa Fe, en un municipio del mismo nombre en Granada, Espa\u00f1a, documento con el cual este saldr\u00eda a descubrir el \u00abNuevo Mundo\u00bb, encontrando en su expedici\u00f3n a la que llam\u00f3 Isla de la Hispaniola.<\/span><\/p>\n\n\t\t<\/div>\n\t<\/div>\t\t<\/div>\t<\/div><\/div><div class=\"dt-sc-toggle-frame\">\t<h5 class='dt-sc-toggle-accordion'><a href='#'>MISI\u00d3N<\/a><\/h5>\t<div class=\"dt-sc-toggle-content\" style=\"display: none;\">\t\t<div class=\"block\"><div class=\"wpb_text_column wpb_content_element\" >\n\t\t<div class=\"wpb_wrapper\">\n\t\t\t<p><span style=\"font-weight: 400;\">Ser la opci\u00f3n m\u00e1s completa de Santo Domingo en materia de f\u00fatbol, tanto para recreaci\u00f3n como para el desarrollo de los ni\u00f1os en jugadores profesionales.<\/span><\/p>\n\n\t\t<\/div>\n\t<\/div>\t\t<\/div>\t<\/div><\/div><div class=\"dt-sc-toggle-frame\">\t<h5 class='dt-sc-toggle-accordion'><a href='#'>VISI\u00d3N<\/a><\/h5>\t<div class=\"dt-sc-toggle-content\" style=\"display: none;\">\t\t<div class=\"block\"><div class=\"wpb_text_column wpb_content_element\" >\n\t\t<div class=\"wpb_wrapper\">\n\t\t\t<p><span style=\"font-weight: 400;\">Convertirnos en la academia e instituci\u00f3n icono en materia de f\u00fatbol en Rep\u00fablica Dominicana, proporcionando todas las herramientas que los ni\u00f1os y j\u00f3venes amantes de este deporte necesiten para lograr su preparaci\u00f3n.<\/span><\/p>\n\n\t\t<\/div>\n\t<\/div>\t\t<\/div>\t<\/div><\/div><div class=\"dt-sc-toggle-frame\">\t<h5 class='dt-sc-toggle-accordion'><a href='#'>VALORES<\/a><\/h5>\t<div class=\"dt-sc-toggle-content\" style=\"display: none;\">\t\t<div class=\"block\"><div class=\"wpb_text_column wpb_content_element\" >\n\t\t<div class=\"wpb_wrapper\">\n\t\t\t<p><span style=\"font-weight: 400;\">Pasi\u00f3n<\/span><\/p>\n<p><span style=\"font-weight: 400;\">Competencia<\/span><\/p>\n<p><span style=\"font-weight: 400;\">Evoluci\u00f3n<\/span><\/p>\n\n\t\t<\/div>\n\t<\/div>\t\t<\/div>\t<\/div><\/div><\/div><\/div><\/div><\/div><\/div>\n<\/div>","protected":false},"excerpt":{"rendered":"Nosotros Conocenos un poco m\u00e1s. QUIENES SOMOS? El nombre Santa Fe nace en memoria de un hecho propio de la historia del descubrimiento de nuestra isla, cuando en 1492 los [...]","protected":false},"author":1,"featured_media":0,"parent":0,"menu_order":0,"comment_status":"open","ping_status":"closed","template":"","meta":{"_bbp_topic_count":0,"_bbp_reply_count":0,"_bbp_total_topic_count":0,"_bbp_total_reply_count":0,"_bbp_voice_count":0,"_bbp_anonymous_reply_count":0,"_bbp_topic_count_hidden":0,"_bbp_reply_count_hidden":0,"_bbp_forum_subforum_count":0,"_joinchat":[],"footnotes":""},"class_list":["post-2405","page","type-page","status-publish","hentry"],"yoast_head":"<!-- This site is optimized with the Yoast SEO plugin v27.0 - https:\/\/yoast.com\/product\/yoast-seo-wordpress\/ -->\n<title>Nosotros - Santa Fe F\u00fatbol Club<\/title>\n<meta name=\"robots\" content=\"index, follow, max-snippet:-1, max-image-preview:large, max-video-preview:-1\" \/>\n<link rel=\"canonical\" href=\"https:\/\/santafefc.do\/en\/nosotros\/\" \/>\n<meta property=\"og:locale\" content=\"en_US\" \/>\n<meta property=\"og:type\" content=\"article\" \/>\n<meta property=\"og:title\" content=\"Nosotros - Santa Fe F\u00fatbol Club\" \/>\n<meta property=\"og:url\" content=\"https:\/\/santafefc.do\/en\/nosotros\/\" \/>\n<meta property=\"og:site_name\" content=\"Santa Fe F\u00fatbol Club\" \/>\n<meta property=\"article:modified_time\" content=\"2021-08-09T15:11:44+00:00\" \/>\n<meta name=\"twitter:card\" content=\"summary_large_image\" \/>\n<meta name=\"twitter:label1\" content=\"Est. reading time\" \/>\n\t<meta name=\"twitter:data1\" content=\"2 minutes\" \/>\n<script type=\"application\/ld+json\" class=\"yoast-schema-graph\">{\"@context\":\"https:\/\/schema.org\",\"@graph\":[{\"@type\":\"WebPage\",\"@id\":\"https:\/\/santafefc.do\/nosotros\/\",\"url\":\"https:\/\/santafefc.do\/nosotros\/\",\"name\":\"Nosotros - Santa Fe F\u00fatbol Club\",\"isPartOf\":{\"@id\":\"https:\/\/santafefc.do\/#website\"},\"datePublished\":\"2019-01-16T07:03:54+00:00\",\"dateModified\":\"2021-08-09T15:11:44+00:00\",\"breadcrumb\":{\"@id\":\"https:\/\/santafefc.do\/nosotros\/#breadcrumb\"},\"inLanguage\":\"en-US\",\"potentialAction\":[{\"@type\":\"ReadAction\",\"target\":[\"https:\/\/santafefc.do\/nosotros\/\"]}]},{\"@type\":\"BreadcrumbList\",\"@id\":\"https:\/\/santafefc.do\/nosotros\/#breadcrumb\",\"itemListElement\":[{\"@type\":\"ListItem\",\"position\":1,\"name\":\"Portada\",\"item\":\"https:\/\/santafefc.do\/\"},{\"@type\":\"ListItem\",\"position\":2,\"name\":\"Nosotros\"}]},{\"@type\":\"WebSite\",\"@id\":\"https:\/\/santafefc.do\/#website\",\"url\":\"https:\/\/santafefc.do\/\",\"name\":\"Santa Fe F\u00fatbol Club\",\"description\":\"Unidad - Pasi\u00f3n - Victoria.\",\"potentialAction\":[{\"@type\":\"SearchAction\",\"target\":{\"@type\":\"EntryPoint\",\"urlTemplate\":\"https:\/\/santafefc.do\/?s={search_term_string}\"},\"query-input\":{\"@type\":\"PropertyValueSpecification\",\"valueRequired\":true,\"valueName\":\"search_term_string\"}}],\"inLanguage\":\"en-US\"}]}<\/script>\n<!-- \/ Yoast SEO plugin. -->","yoast_head_json":{"title":"Nosotros - Santa Fe F\u00fatbol Club","robots":{"index":"index","follow":"follow","max-snippet":"max-snippet:-1","max-image-preview":"max-image-preview:large","max-video-preview":"max-video-preview:-1"},"canonical":"https:\/\/santafefc.do\/en\/nosotros\/","og_locale":"en_US","og_type":"article","og_title":"Nosotros - Santa Fe F\u00fatbol Club","og_url":"https:\/\/santafefc.do\/en\/nosotros\/","og_site_name":"Santa Fe F\u00fatbol Club","article_modified_time":"2021-08-09T15:11:44+00:00","twitter_card":"summary_large_image","twitter_misc":{"Est. reading time":"2 minutes"},"schema":{"@context":"https:\/\/schema.org","@graph":[{"@type":"WebPage","@id":"https:\/\/santafefc.do\/nosotros\/","url":"https:\/\/santafefc.do\/nosotros\/","name":"Nosotros - Santa Fe F\u00fatbol Club","isPartOf":{"@id":"https:\/\/santafefc.do\/#website"},"datePublished":"2019-01-16T07:03:54+00:00","dateModified":"2021-08-09T15:11:44+00:00","breadcrumb":{"@id":"https:\/\/santafefc.do\/nosotros\/#breadcrumb"},"inLanguage":"en-US","potentialAction":[{"@type":"ReadAction","target":["https:\/\/santafefc.do\/nosotros\/"]}]},{"@type":"BreadcrumbList","@id":"https:\/\/santafefc.do\/nosotros\/#breadcrumb","itemListElement":[{"@type":"ListItem","position":1,"name":"Portada","item":"https:\/\/santafefc.do\/"},{"@type":"ListItem","position":2,"name":"Nosotros"}]},{"@type":"WebSite","@id":"https:\/\/santafefc.do\/#website","url":"https:\/\/santafefc.do\/","name":"Santa Fe F\u00fatbol Club","description":"Unidad - Pasi\u00f3n - Victoria.","potentialAction":[{"@type":"SearchAction","target":{"@type":"EntryPoint","urlTemplate":"https:\/\/santafefc.do\/?s={search_term_string}"},"query-input":{"@type":"PropertyValueSpecification","valueRequired":true,"valueName":"search_term_string"}}],"inLanguage":"en-US"}]}},"_links":{"self":[{"href":"https:\/\/santafefc.do\/en\/wp-json\/wp\/v2\/pages\/2405","targetHints":{"allow":["GET"]}}],"collection":[{"href":"https:\/\/santafefc.do\/en\/wp-json\/wp\/v2\/pages"}],"about":[{"href":"https:\/\/santafefc.do\/en\/wp-json\/wp\/v2\/types\/page"}],"author":[{"embeddable":true,"href":"https:\/\/santafefc.do\/en\/wp-json\/wp\/v2\/users\/1"}],"replies":[{"embeddable":true,"href":"https:\/\/santafefc.do\/en\/wp-json\/wp\/v2\/comments?post=2405"}],"version-history":[{"count":6,"href":"https:\/\/santafefc.do\/en\/wp-json\/wp\/v2\/pages\/2405\/revisions"}],"predecessor-version":[{"id":7103,"href":"https:\/\/santafefc.do\/en\/wp-json\/wp\/v2\/pages\/2405\/revisions\/7103"}],"wp:attachment":[{"href":"https:\/\/santafefc.do\/en\/wp-json\/wp\/v2\/media?parent=2405"}],"curies":[{"name":"wp","href":"https:\/\/api.w.org\/{rel}","templated":true}]}}